{"id":648,"date":"2012-10-20T21:12:17","date_gmt":"2012-10-20T21:12:17","guid":{"rendered":"http:\/\/www.fiestanacionaldelaprimavera.com\/?page_id=648"},"modified":"2012-10-20T21:12:17","modified_gmt":"2012-10-20T21:12:17","slug":"2012-carro-no-7-monstruosa-fiesta","status":"publish","type":"page","link":"https:\/\/fiestanacionaldelaprimavera.com\/?page_id=648","title":{"rendered":"Carro N\u00ba 7 \u201cMONSTRUOSA FIESTA\u201d"},"content":{"rendered":"<h2 style=\"text-align: center;\"><strong><span style=\"text-decoration: underline;\">Carroza N\u00ba 7 \u201cMounstrosa Fiesta\u201d <\/span><\/strong><\/h2>\n<h2 style=\"text-align: center;\"><strong><span style=\"text-decoration: underline;\">de los 6tos. unidos y anexos del Liceo 1 \u201cDr. Roberto Taruselli\u201d <\/span><\/strong><\/h2>\n<p>&nbsp;<\/p>\n<p><a href=\"http:\/\/www.fiestanacionaldelaprimavera.com\/wp-content\/uploads\/2012\/10\/carroza-7-mounstrosafiesta-agesor-www.fiestanacionaldelaprimavera.com_.jpeg\"><img loading=\"lazy\" decoding=\"async\" class=\"aligncenter  wp-image-690\" title=\"carroza-7-mounstrosafiesta-agesor-www.fiestanacionaldelaprimavera.com\" src=\"http:\/\/www.fiestanacionaldelaprimavera.com\/wp-content\/uploads\/2012\/10\/carroza-7-mounstrosafiesta-agesor-www.fiestanacionaldelaprimavera.com_.jpeg\" alt=\"\" width=\"550\" height=\"412\" \/><\/a><\/p>\n<p>&nbsp;<\/p>\n<p><span style=\"text-decoration: underline;\"><strong><em>PREMIOS:<\/em><\/strong><\/span><\/p>\n<ul>\n<li><strong>2\u00ba Premio<\/strong> (<strong><em>con 634 puntos<\/em><\/strong>) &#8211; Un viaje a Aquaman\u00eda con 2 \u00f3mnibus donado por Chadre-Sabelin con entradas donadas por \u00danica Jeans, m\u00e1s porcentaje de las ganancias establecidas:<\/li>\n<li><strong>PREMIO AL USO ADECUADO DE MATERIALES:<\/strong> $1500 donados por \u201cLa Casa del Lambriz\u201d<\/li>\n<li>\u00a0<strong>Reina: <em>Anah\u00ed Mastandrea<\/em><\/strong><\/li>\n<li><strong><em>2da. Princesa: Margaret Antonella Lira<\/em><\/strong><\/li>\n<\/ul>\n<p>&nbsp;<\/p>\n<p><span style=\"text-decoration: underline;\"><em><strong>PRINCESAS:<\/strong> <\/em><\/span><\/p>\n<ul>\n<li>Anah\u00ed Mastandrea Gonz\u00e1lez<\/li>\n<li>Margaret Lira Gonz\u00e1lez.<\/li>\n<\/ul>\n<p>&nbsp;<\/p>\n<p><span style=\"text-decoration: underline;\"><em><strong>PRESENTACI\u00d3N:<\/strong><\/em><\/span><\/p>\n<p>\u00abNos invaden los monstruos!!!<\/p>\n<p>Son las criaturas m\u00e1s simp\u00e1ticas y amigables que llegaron de distintas galaxias, oscuras y lejanas.<\/p>\n<p>Arribaron a Dolores en primavera con un opaco color gris y una oscura sonrisa.<\/p>\n<p>Muy pronto cada uno de ellos recibi\u00f3 el color de las flores, la luz del sol con sus suaves destellos, la loca algarab\u00eda del viento y la contagiosa alegr\u00eda de los habitantes de esta ciudad.<\/p>\n<p>Al ver los j\u00f3venes esta m\u00e1gica transformaci\u00f3n los invitaron a la gran fiesta fiesta!!!<\/p>\n<p>Sucedi\u00f3 que adem\u00e1s de no poder resistir la tentaci\u00f3n de participar tomaron la iniciativa de animar m\u00e1s felices que nunca, el gran encuentro.<\/p>\n<p>As\u00ed todos juntos, j\u00f3venes y monstruos, con un look muy loco y canchero se unieron para bailar al ritmo de la m\u00fasica m\u00e1s divertida que todos conoc\u00edan.<\/p>\n<p>Cuentan que al terminar esta fiesta ellos regresar\u00e1n a sus galaxias para que brille all\u00ed el color y la alegr\u00eda en una eterna primavera como en Dolores!!! Y prometer no olvidar jam\u00e1s la energ\u00eda universal.<\/p>\n<p>&nbsp;<\/p>\n<p><span style=\"text-decoration: underline;\"><em><strong>MULTIMEDIA:<\/strong><\/em><\/span><\/p>\n<p>Fotos y Videos<\/p>\n<p>&nbsp;<\/p>\n<p>&nbsp;<\/p>\n<p>&nbsp;<\/p>\n<p>.<\/p>\n<p><span style=\"text-decoration: underline;\"><strong>FUENTES:<\/strong><\/span><\/p>\n<ul>\n<li>Comunicados Oficiales<\/li>\n<li>Agesor.com.uy<\/li>\n<\/ul>\n","protected":false},"excerpt":{"rendered":"<p>Carroza N\u00ba 7 \u201cMounstrosa Fiesta\u201d de los 6tos. unidos y anexos del Liceo 1 \u201cDr. Roberto Taruselli\u201d &nbsp; &nbsp; PREMIOS: 2\u00ba Premio (con 634 puntos) &#8211; Un viaje a Aquaman\u00eda con 2 \u00f3mnibus donado por Chadre-Sabelin con entradas donadas por \u00danica Jeans, m\u00e1s porcentaje de las ganancias establecidas: PREMIO AL USO ADECUADO DE MATERIALES: $1500 [&hellip;]<\/p>\n","protected":false},"author":1,"featured_media":0,"parent":607,"menu_order":0,"comment_status":"open","ping_status":"open","template":"","meta":{"footnotes":""},"class_list":["post-648","page","type-page","status-publish","hentry"],"_links":{"self":[{"href":"https:\/\/fiestanacionaldelaprimavera.com\/index.php?rest_route=\/wp\/v2\/pages\/648","targetHints":{"allow":["GET"]}}],"collection":[{"href":"https:\/\/fiestanacionaldelaprimavera.com\/index.php?rest_route=\/wp\/v2\/pages"}],"about":[{"href":"https:\/\/fiestanacionaldelaprimavera.com\/index.php?rest_route=\/wp\/v2\/types\/page"}],"author":[{"embeddable":true,"href":"https:\/\/fiestanacionaldelaprimavera.com\/index.php?rest_route=\/wp\/v2\/users\/1"}],"replies":[{"embeddable":true,"href":"https:\/\/fiestanacionaldelaprimavera.com\/index.php?rest_route=%2Fwp%2Fv2%2Fcomments&post=648"}],"version-history":[{"count":0,"href":"https:\/\/fiestanacionaldelaprimavera.com\/index.php?rest_route=\/wp\/v2\/pages\/648\/revisions"}],"up":[{"embeddable":true,"href":"https:\/\/fiestanacionaldelaprimavera.com\/index.php?rest_route=\/wp\/v2\/pages\/607"}],"wp:attachment":[{"href":"https:\/\/fiestanacionaldelaprimavera.com\/index.php?rest_route=%2Fwp%2Fv2%2Fmedia&parent=648"}],"curies":[{"name":"wp","href":"https:\/\/api.w.org\/{rel}","templated":true}]}}