{"id":643,"date":"2012-10-20T21:37:12","date_gmt":"2012-10-20T21:37:12","guid":{"rendered":"http:\/\/www.fiestanacionaldelaprimavera.com\/?page_id=643"},"modified":"2012-10-20T21:37:12","modified_gmt":"2012-10-20T21:37:12","slug":"2012-carro-no-5-descontrol-bichero","status":"publish","type":"page","link":"https:\/\/fiestanacionaldelaprimavera.com\/?page_id=643","title":{"rendered":"Carro N\u00ba 5 \u201cDESCONTROL BICHERO\u201d"},"content":{"rendered":"<h2 style=\"text-align: center;\"><span style=\"text-decoration: underline;\"><strong>Carroza N\u00ba 5 \u201cDESCONTROL BICHERO\u201d <\/strong><\/span><\/h2>\n<h2 style=\"text-align: center;\"><span style=\"text-decoration: underline;\"><strong>de los 4tos. unidos y anexos del Liceo 1 \u201cDr. Roberto Taruselli\u201d <\/strong><\/span><\/h2>\n<p>&nbsp;<\/p>\n<p style=\"text-align: center;\"><a href=\"http:\/\/www.fiestanacionaldelaprimavera.com\/wp-content\/uploads\/2012\/10\/carroza-5-descontrolbichero-agesor-www.fiestanacionaldelaprimavera.com_.jpeg\"><img loading=\"lazy\" decoding=\"async\" class=\"aligncenter  wp-image-701\" title=\"carroza-5-descontrolbichero-agesor-www.fiestanacionaldelaprimavera.com\" src=\"http:\/\/www.fiestanacionaldelaprimavera.com\/wp-content\/uploads\/2012\/10\/carroza-5-descontrolbichero-agesor-www.fiestanacionaldelaprimavera.com_.jpeg\" alt=\"\" width=\"550\" height=\"412\" \/><\/a><\/p>\n<p>&nbsp;<\/p>\n<p><span style=\"text-decoration: underline;\"><strong><em>PREMIOS:<\/em><\/strong><\/span><\/p>\n<ul>\n<li><strong>5\u00ba Premio<\/strong>\u00a0(<strong><em>con 574 puntos<\/em><\/strong>) &#8211;\u00a0 Porcentaje de las ganancias establecidas.<\/li>\n<\/ul>\n<p>&nbsp;<\/p>\n<p><span style=\"text-decoration: underline;\"><em><strong>PRINCESAS:<\/strong> <\/em><\/span><\/p>\n<ul>\n<li>Giannina Vico Ben\u00edtez.<\/li>\n<li>Mar\u00eda Bel\u00e9n Escuder Pudiza.<\/li>\n<\/ul>\n<p>&nbsp;<\/p>\n<p><span style=\"text-decoration: underline;\"><em><strong>PRESENTACI\u00d3N:<\/strong><\/em><\/span><\/p>\n<p>\u00abEl bullicio generado por un grupo de hormigas, que revolucionando todo, preparan la celebraci\u00f3n y disfrute del florecimiento de la primavera, genera en un ni\u00f1o una curiosidad particular.<\/p>\n<p>Con su mirada infantil, que magnifica y da m\u00e1s vida a\u00fan, a todo aquello que llama su atenci\u00f3n, y que genera ansiedad por ser part\u00edcipe, es que recreamos una gran fantas\u00eda donde la dimensi\u00f3n de los componentes viene determinada por la imaginaci\u00f3n, y permite que juguemos y dejemos de lado la mirada l\u00f3gica y proporcionada de la mente adulta.<\/p>\n<p>Es importante que podamos permitirnos un viaje imaginario a un mundo donde lo que nos guste se magnifique y lo que no tanto, s\u00f3lo acompa\u00f1e\u00bb.<\/p>\n<p>&nbsp;<\/p>\n<p><em><strong><span style=\"text-decoration: underline;\">MULTIMEDIA<\/span>:<\/strong><\/em><\/p>\n<p>Fotos y Videos<\/p>\n<p>&nbsp;<\/p>\n<p>&nbsp;<\/p>\n<p>&nbsp;<\/p>\n<p>.<\/p>\n<p><span style=\"text-decoration: underline;\"><strong>FUENTES:<\/strong><\/span><\/p>\n<ul>\n<li>Comunicados Oficiales<\/li>\n<li>Agesor.com.uy<\/li>\n<\/ul>\n","protected":false},"excerpt":{"rendered":"<p>Carroza N\u00ba 5 \u201cDESCONTROL BICHERO\u201d de los 4tos. unidos y anexos del Liceo 1 \u201cDr. Roberto Taruselli\u201d &nbsp; &nbsp; PREMIOS: 5\u00ba Premio\u00a0(con 574 puntos) &#8211;\u00a0 Porcentaje de las ganancias establecidas. &nbsp; PRINCESAS: Giannina Vico Ben\u00edtez. Mar\u00eda Bel\u00e9n Escuder Pudiza. &nbsp; PRESENTACI\u00d3N: \u00abEl bullicio generado por un grupo de hormigas, que revolucionando todo, preparan la celebraci\u00f3n [&hellip;]<\/p>\n","protected":false},"author":1,"featured_media":0,"parent":607,"menu_order":0,"comment_status":"open","ping_status":"open","template":"","meta":{"footnotes":""},"class_list":["post-643","page","type-page","status-publish","hentry"],"_links":{"self":[{"href":"https:\/\/fiestanacionaldelaprimavera.com\/index.php?rest_route=\/wp\/v2\/pages\/643","targetHints":{"allow":["GET"]}}],"collection":[{"href":"https:\/\/fiestanacionaldelaprimavera.com\/index.php?rest_route=\/wp\/v2\/pages"}],"about":[{"href":"https:\/\/fiestanacionaldelaprimavera.com\/index.php?rest_route=\/wp\/v2\/types\/page"}],"author":[{"embeddable":true,"href":"https:\/\/fiestanacionaldelaprimavera.com\/index.php?rest_route=\/wp\/v2\/users\/1"}],"replies":[{"embeddable":true,"href":"https:\/\/fiestanacionaldelaprimavera.com\/index.php?rest_route=%2Fwp%2Fv2%2Fcomments&post=643"}],"version-history":[{"count":0,"href":"https:\/\/fiestanacionaldelaprimavera.com\/index.php?rest_route=\/wp\/v2\/pages\/643\/revisions"}],"up":[{"embeddable":true,"href":"https:\/\/fiestanacionaldelaprimavera.com\/index.php?rest_route=\/wp\/v2\/pages\/607"}],"wp:attachment":[{"href":"https:\/\/fiestanacionaldelaprimavera.com\/index.php?rest_route=%2Fwp%2Fv2%2Fmedia&parent=643"}],"curies":[{"name":"wp","href":"https:\/\/api.w.org\/{rel}","templated":true}]}}