{"id":635,"date":"2012-10-20T21:56:28","date_gmt":"2012-10-20T21:56:28","guid":{"rendered":"http:\/\/www.fiestanacionaldelaprimavera.com\/?page_id=635"},"modified":"2012-10-20T21:56:28","modified_gmt":"2012-10-20T21:56:28","slug":"2012-carro-no-4-partybot","status":"publish","type":"page","link":"https:\/\/fiestanacionaldelaprimavera.com\/?page_id=635","title":{"rendered":"Carro N\u00ba 4 \u201cPARTYBOT\u201d"},"content":{"rendered":"<h2 style=\"text-align: center;\"><strong><span style=\"text-decoration: underline;\">Carro N\u00ba 4 \u201cPARTYBOT\u201d de los 3eros. unidos y anexos del Liceo 1 \u201cDr. Roberto Taruselli\u201d<\/span><\/strong><\/h2>\n<p style=\"text-align: center;\"><a href=\"http:\/\/www.fiestanacionaldelaprimavera.com\/wp-content\/uploads\/2012\/10\/carroza-4-partybot-agesor-www.fiestanacionaldelaprimavera.com_.jpeg\"><img loading=\"lazy\" decoding=\"async\" class=\"aligncenter  wp-image-710\" title=\"carroza-4-partybot-agesor-www.fiestanacionaldelaprimavera.com\" src=\"http:\/\/www.fiestanacionaldelaprimavera.com\/wp-content\/uploads\/2012\/10\/carroza-4-partybot-agesor-www.fiestanacionaldelaprimavera.com_.jpeg\" alt=\"\" width=\"549\" height=\"371\" \/><\/a><\/p>\n<p>\u00a0<span style=\"text-decoration: underline;\"><em><strong>PREMIOS:<\/strong> <\/em><\/span><\/p>\n<ul>\n<li><strong>6\u00ba Premio<\/strong> (<strong><em>con 546 puntos<\/em><\/strong> ) Porcentaje de las ganancias establecidas.<\/li>\n<\/ul>\n<p>&nbsp;<\/p>\n<p><span style=\"text-decoration: underline;\"><em><strong>PRINCESAS:<\/strong> <\/em><\/span><\/p>\n<ul>\n<li>Mora Cabrera Mansilla.<\/li>\n<li>Luc\u00eda Mansilla Ort\u00edz.<\/li>\n<\/ul>\n<p>&nbsp;<\/p>\n<p><span style=\"text-decoration: underline;\"><em><strong>PRESENTACI\u00d3N:<\/strong><\/em><\/span><\/p>\n<p>\u00abTerceros Unidos del Liceo \u00abRoberto Truselli\u00bb y anexos, les quiero contar una historia&#8230;<\/p>\n<p>La historia de Mathias, alumno de los terceros unidos que como todo chico de su edad viv\u00eda en un mundo de cambios, avances de tecnolog\u00eda.<\/p>\n<p>Un twitter le informa, un mensaje en su muro de Facebook, lo integra, lo invita, le hace part\u00edcipe de un acontecimiento y lo acerca a otros tantos millones que como \u00e9l navegan por la red a diario.<\/p>\n<p>Desde hace un tiempo ya, Mathias dedica horas a chatear con un grupo muy especial&#8230; teniendo en cuenta lo que sus padres le han dicho sobre lo riesgoso de entablar di\u00e1logo con desconocidos,<\/p>\n<p>Mathias ve que son amigables, ellos cuentan sobre sus costumbres y preguntan a Mathias como es vivir aqu\u00ed&#8230;<\/p>\n<p>\u00bfQui\u00e9nes son? los habitantes de Robotilandia&#8230; un grupo de robots muy amigables que ilustran a Mathias como es su vida, sus familias, sus estudios y amigos, y el joven les cuenta sobre una preciosa y verde ciudad a donde cada a\u00f1o se celebra&#8230;<\/p>\n<p>La Fiesta Nacional de la Primavera, como todo joven orgulloso de tal acontecimiento no pod\u00eda dejarlo pasar por alto.<\/p>\n<p>Mathias volvi\u00f3 a conectarse y encontr\u00f3 al grupo de robots muy interesados en venir a la fiesta, el tema hab\u00eda sido la sensaci\u00f3n de Robotlandia, cuando el joven les cuenta a sus compa\u00f1eros sobre sus tan peculiares amigos y la posibilidad de invitarlos a la fiesta&#8230;<\/p>\n<p>Locas y divertidas ideas pasan por sus cabezas, entusiasmo, color, alegr\u00eda, aventura, diversi\u00f3n&#8230; todos estuvieron de acuerdo con Mathias y se les envi\u00f3 por Facebook la invitaci\u00f3n a todo Robotlandia para que el domingo 14 de octubre lo acompa\u00f1en y que esta fiesta se convierta en algo incre\u00edble, que la magia de un grupo de amigos tan poco comunes se conviertan en motivo de alegr\u00eda y diversi\u00f3n para que todos puedan disfrutar de la fiesta del color, la m\u00fasica, la amistad, la alegr\u00eda llenando a todos con la magia de la vida\u00bb.<\/p>\n<p>&nbsp;<\/p>\n<p><span style=\"text-decoration: underline;\"><em><strong>MULTIMEDIA:<\/strong><\/em><\/span><\/p>\n<p>Fotos y Videos<\/p>\n<p>&nbsp;<\/p>\n<p>&nbsp;<\/p>\n<p>&nbsp;<\/p>\n<p>.<\/p>\n<p><span style=\"text-decoration: underline;\"><strong>FUENTES:<\/strong><\/span><\/p>\n<ul>\n<li>Comunicados Oficiales<\/li>\n<li>Agesor.com.uy<\/li>\n<\/ul>\n<p>.<\/p>\n","protected":false},"excerpt":{"rendered":"<p>Carro N\u00ba 4 \u201cPARTYBOT\u201d de los 3eros. unidos y anexos del Liceo 1 \u201cDr. Roberto Taruselli\u201d \u00a0PREMIOS: 6\u00ba Premio (con 546 puntos ) Porcentaje de las ganancias establecidas. &nbsp; PRINCESAS: Mora Cabrera Mansilla. Luc\u00eda Mansilla Ort\u00edz. &nbsp; PRESENTACI\u00d3N: \u00abTerceros Unidos del Liceo \u00abRoberto Truselli\u00bb y anexos, les quiero contar una historia&#8230; La historia de Mathias, [&hellip;]<\/p>\n","protected":false},"author":1,"featured_media":0,"parent":607,"menu_order":0,"comment_status":"open","ping_status":"open","template":"","meta":{"footnotes":""},"class_list":["post-635","page","type-page","status-publish","hentry"],"_links":{"self":[{"href":"https:\/\/fiestanacionaldelaprimavera.com\/index.php?rest_route=\/wp\/v2\/pages\/635","targetHints":{"allow":["GET"]}}],"collection":[{"href":"https:\/\/fiestanacionaldelaprimavera.com\/index.php?rest_route=\/wp\/v2\/pages"}],"about":[{"href":"https:\/\/fiestanacionaldelaprimavera.com\/index.php?rest_route=\/wp\/v2\/types\/page"}],"author":[{"embeddable":true,"href":"https:\/\/fiestanacionaldelaprimavera.com\/index.php?rest_route=\/wp\/v2\/users\/1"}],"replies":[{"embeddable":true,"href":"https:\/\/fiestanacionaldelaprimavera.com\/index.php?rest_route=%2Fwp%2Fv2%2Fcomments&post=635"}],"version-history":[{"count":0,"href":"https:\/\/fiestanacionaldelaprimavera.com\/index.php?rest_route=\/wp\/v2\/pages\/635\/revisions"}],"up":[{"embeddable":true,"href":"https:\/\/fiestanacionaldelaprimavera.com\/index.php?rest_route=\/wp\/v2\/pages\/607"}],"wp:attachment":[{"href":"https:\/\/fiestanacionaldelaprimavera.com\/index.php?rest_route=%2Fwp%2Fv2%2Fmedia&parent=635"}],"curies":[{"name":"wp","href":"https:\/\/api.w.org\/{rel}","templated":true}]}}