{"id":627,"date":"2012-10-20T22:07:32","date_gmt":"2012-10-20T22:07:32","guid":{"rendered":"http:\/\/www.fiestanacionaldelaprimavera.com\/?page_id=627"},"modified":"2012-10-20T22:07:32","modified_gmt":"2012-10-20T22:07:32","slug":"2012-carro-no-3-afrocircus","status":"publish","type":"page","link":"https:\/\/fiestanacionaldelaprimavera.com\/?page_id=627","title":{"rendered":"Carro N\u00ba 3 \u201cAfroCircus\u201d"},"content":{"rendered":"<h2 style=\"text-align: center;\"><strong><span style=\"text-decoration: underline;\">Carroza N\u00ba 3 \u201cAfroCircus\u201d de los 2dos. unidos del Liceo 1 \u201cDr. Roberto Taruselli\u201d<\/span><\/strong><\/h2>\n<p>&nbsp;<\/p>\n<p><a href=\"http:\/\/www.fiestanacionaldelaprimavera.com\/wp-content\/uploads\/2012\/10\/carroza-3-afrocircus-www.fiestanacionaldelaprimavera.com_.jpg\"><img loading=\"lazy\" decoding=\"async\" class=\"aligncenter  wp-image-720\" title=\"carroza-3-afrocircus-www.fiestanacionaldelaprimavera.com\" src=\"http:\/\/www.fiestanacionaldelaprimavera.com\/wp-content\/uploads\/2012\/10\/carroza-3-afrocircus-www.fiestanacionaldelaprimavera.com_.jpg\" alt=\"\" width=\"550\" height=\"412\" \/><\/a><\/p>\n<p><span style=\"text-decoration: underline;\"><strong><em>PREMIOS:<\/em><\/strong><\/span><\/p>\n<ul>\n<li><strong>1er. Premio<\/strong> (<strong><em>con 663 puntos<\/em><\/strong>) &#8211;\u00a0 Un viaje a Aquaman\u00eda con 2 \u00f3mnibus donados por Kluver-Intertur con entradas donadas por \u00danica Jeans, m\u00e1s porcentaje de las ganancias establecidas.<\/li>\n<li><strong>PREMIO AL MEJOR ESTANDARTE:<\/strong> $5.000 donados por Rotary Club Dolores<\/li>\n<li><strong>PREMIO AL COLOR Y EFECTO LUM\u00cdNICO:<\/strong> $5.000 donados por Club de Leones Dolores<\/li>\n<li><strong>PREMIO A LA ALEGR\u00cdA:<\/strong> $3.000 donados por Tabatha Boutique y Electrohogar<\/li>\n<\/ul>\n<p>&nbsp;<\/p>\n<p><span style=\"text-decoration: underline;\"><em><strong>PRINCESAS:<\/strong> <\/em><\/span><\/p>\n<ul>\n<li>Bel\u00e9n Guigou Bastos.<\/li>\n<li>Florencia G\u00e1speri Podest\u00e1<\/li>\n<\/ul>\n<p><span style=\"text-decoration: underline;\"><em><strong>PRESENTACI\u00d3N:<\/strong><\/em><\/span><\/p>\n<p>\u00abEl circo nace de antiguas civilizaciones, de las del Lejano Oriente, China, India y tambi\u00e9n de las m\u00e1s pujantes de Occidente, Grecia, Roma, Egipto. El circo ha sido desde siempre, una forma cl\u00e1sica de diversi\u00f3n, la palabra procede del lat\u00edn circus y designaba el escenario romano donde se originaron muchos de los n\u00fameros que pueden verse hoy en una funci\u00f3n circense.<\/p>\n<p>En \u00e9l se combina la magia de la funci\u00f3n con el propio esp\u00edritu aventurero de los protagonistas, en un arte vivo, abierto al mundo. Los personajes de la pel\u00edcula \u00abMadagascar\u00bb en su circo, nos inspiraron para transmitir un espect\u00e1culo art\u00edstico que representa una importante parte de la cultura humana. Brindando un entorno creativo que nos anima a ver artistas, expres\u00e1ndonos de una forma muy particular, desafiando nuestros propios l\u00edmites y creciendo como grupo.<\/p>\n<p>Queremos mostrar un trabajo de equipo con sus conflictos y sus formas de resolverlos. Analizando lo bonito de estas historias, con moralejas, donde \u00abtodos\u00bb aprendemos algo. Queriendo resumir como salir al mundo, conocer cosas nuevas, ampliar la visi\u00f3n&#8230; Ir m\u00e1s all\u00e1 de reconciliar nuestra propia naturaleza y aceptar lo que somos, sin dejar que el ambiente en que estamos, nos cambie.<\/p>\n<p>Conservar nuestra esencia con un sentido de libertad, pero no solo de una libertad f\u00edsica, sino tambi\u00e9n de una libertad de conciencia. S\u00f3lo cuando somos conscientes, somos verdaderamente libres y felices.<\/p>\n<p>Nosotros, representando al grupo de los segundos unidos, queremos transmitir c\u00f3mo todos los personales de un circo tienen diferentes problemas que deben resolver para dar un buen show, brindando alegr\u00eda y valorando lo m\u00e1s hermoso que cada uno puede dar de s\u00ed, ya que cualquiera que haya sentido alguna vez la magia del circo, puede sentir no solo el humor aut\u00e9ntico, sino el verdadero sentido de la unidad.<\/p>\n<p>Inspirados en estos valores se crearon elementos donde jugaron la combinaci\u00f3n de sonidos y matices de colores. Para la creaci\u00f3n de la carroza, utilizamos diferentes materiales que fueron reciclados\u00bb.<\/p>\n<p>&nbsp;<\/p>\n<p><span style=\"text-decoration: underline;\"><em><strong>MULTIMEDIA:<\/strong><\/em><\/span><\/p>\n<p>Fotos y Videos<\/p>\n<p>&nbsp;<\/p>\n<p>*Pr\u00f3ximamente actualizaremos esta p\u00e1gina.<\/p>\n<p>&nbsp;<\/p>\n<p>&nbsp;<\/p>\n<p>.<\/p>\n<p><span style=\"text-decoration: underline;\"><strong>FUENTES:<\/strong><\/span><\/p>\n<ul>\n<li>Comunicados Oficiales<\/li>\n<li>Agesor.com.uy<\/li>\n<li>(fotos) Amigos en Facebook<\/li>\n<\/ul>\n<p>*NOTA:<\/p>\n<p>He intentado poner las fuentes siempre, pero en este caso no recuerdo qui\u00e9n es el autor\/a de la foto. Si me lo recuerdan, coloco su nombre en la fuente!<\/p>\n<p>.<\/p>\n","protected":false},"excerpt":{"rendered":"<p>Carroza N\u00ba 3 \u201cAfroCircus\u201d de los 2dos. unidos del Liceo 1 \u201cDr. Roberto Taruselli\u201d &nbsp; PREMIOS: 1er. Premio (con 663 puntos) &#8211;\u00a0 Un viaje a Aquaman\u00eda con 2 \u00f3mnibus donados por Kluver-Intertur con entradas donadas por \u00danica Jeans, m\u00e1s porcentaje de las ganancias establecidas. PREMIO AL MEJOR ESTANDARTE: $5.000 donados por Rotary Club Dolores PREMIO [&hellip;]<\/p>\n","protected":false},"author":1,"featured_media":0,"parent":607,"menu_order":0,"comment_status":"open","ping_status":"open","template":"","meta":{"footnotes":""},"class_list":["post-627","page","type-page","status-publish","hentry"],"_links":{"self":[{"href":"https:\/\/fiestanacionaldelaprimavera.com\/index.php?rest_route=\/wp\/v2\/pages\/627","targetHints":{"allow":["GET"]}}],"collection":[{"href":"https:\/\/fiestanacionaldelaprimavera.com\/index.php?rest_route=\/wp\/v2\/pages"}],"about":[{"href":"https:\/\/fiestanacionaldelaprimavera.com\/index.php?rest_route=\/wp\/v2\/types\/page"}],"author":[{"embeddable":true,"href":"https:\/\/fiestanacionaldelaprimavera.com\/index.php?rest_route=\/wp\/v2\/users\/1"}],"replies":[{"embeddable":true,"href":"https:\/\/fiestanacionaldelaprimavera.com\/index.php?rest_route=%2Fwp%2Fv2%2Fcomments&post=627"}],"version-history":[{"count":0,"href":"https:\/\/fiestanacionaldelaprimavera.com\/index.php?rest_route=\/wp\/v2\/pages\/627\/revisions"}],"up":[{"embeddable":true,"href":"https:\/\/fiestanacionaldelaprimavera.com\/index.php?rest_route=\/wp\/v2\/pages\/607"}],"wp:attachment":[{"href":"https:\/\/fiestanacionaldelaprimavera.com\/index.php?rest_route=%2Fwp%2Fv2%2Fmedia&parent=627"}],"curies":[{"name":"wp","href":"https:\/\/api.w.org\/{rel}","templated":true}]}}