{"id":617,"date":"2012-10-20T22:47:21","date_gmt":"2012-10-20T22:47:21","guid":{"rendered":"http:\/\/www.fiestanacionaldelaprimavera.com\/?page_id=617"},"modified":"2012-10-20T22:47:21","modified_gmt":"2012-10-20T22:47:21","slug":"2012-carro-no-2-portal-magico","status":"publish","type":"page","link":"https:\/\/fiestanacionaldelaprimavera.com\/?page_id=617","title":{"rendered":"Carro N\u00ba 2 \u201cPORTAL M\u00c1GICO\u201d"},"content":{"rendered":"<h2 style=\"text-align: center;\"><strong><span style=\"text-decoration: underline;\">Carroza N\u00ba 2 \u201c<em>PORTAL M\u00c1GICO<\/em>\u201d de los 1eros. unidos del Liceo 1 \u201cDr. Roberto Taruselli\u201d<\/span><\/strong><\/h2>\n<p style=\"text-align: center;\"><a href=\"http:\/\/www.fiestanacionaldelaprimavera.com\/wp-content\/uploads\/2012\/10\/carroza-2-portalmagico-agesor-www.fiestanacionaldelaprimavera.com_.jpeg\"><img loading=\"lazy\" decoding=\"async\" class=\"aligncenter  wp-image-723\" title=\"carroza-2-portalmagico-agesor-www.fiestanacionaldelaprimavera.com\" src=\"http:\/\/www.fiestanacionaldelaprimavera.com\/wp-content\/uploads\/2012\/10\/carroza-2-portalmagico-agesor-www.fiestanacionaldelaprimavera.com_.jpeg\" alt=\"\" width=\"550\" height=\"412\" \/><\/a><\/p>\n<p style=\"text-align: left;\"><em><strong><span style=\"text-decoration: underline;\">PREMIOS:<\/span> <\/strong><\/em><\/p>\n<ul>\n<li><strong>3er. Premio<\/strong> (<em><strong>con 608 puntos<\/strong><\/em>)\u00a0 Porcentaje de las ganancias establecidas.<\/li>\n<li><strong>Pimpollos:<\/strong>\u00a0 Isabella Cima Charlo y Fiorella de Franco Long.<\/li>\n<\/ul>\n<p>&nbsp;<\/p>\n<p><span style=\"text-decoration: underline;\"><em><strong>PRINCESAS:<\/strong> <\/em><\/span><\/p>\n<ul>\n<li>Mariana Buz\u00fan Fabreau.<\/li>\n<li>Florencia Fern\u00e1ndez Risso.<\/li>\n<li>Camila Barufaldi Colazzo.<\/li>\n<li>Isabella Cima Charlo.<\/li>\n<li>Fiorella de Franco Long.<\/li>\n<\/ul>\n<p style=\"text-align: center;\">\n<p><em><strong><span style=\"text-decoration: underline;\">PRESENTACI\u00d3N<\/span>:<\/strong><\/em><\/p>\n<p>\u00abEl jard\u00edn est\u00e1 compuesto por: dos \u00e1rboles, un espejo m\u00e1gico en el cual nos traslada en el tiempo mostrando los comienzos de nuestra fiesta, los preparativos, las coreograf\u00edas hasta el presente. Un duende poco tradicional. La m\u00fasica fue creada especialmente paraeste carro.<\/p>\n<p>Al finalizar la coreograf\u00eda le siguen temas que marcaron una fuerte presencia en a\u00f1os anteriores, acompa\u00f1ando las im\u00e1genes del portal del tiempo.<\/p>\n<p>Nuestra idea fue contar y expresar lo que representa la Fiesta de la Primavera para los dolore\u00f1os. Todos los obst\u00e1culos que tenemos que sortear para que todo brille el segundo domingo de octubre.<\/p>\n<p>Un Portal que nos traslada a un mundo de fantas\u00edas. Un jard\u00edn m\u00e1gico, donde el color y la alegr\u00eda son protagonistas.<\/p>\n<p>Seres de luz, que danzan, gozan y son felices, ellos son: los guardianes de la Primavera, su intenci\u00f3n es convocar a una gran fiesta, el segundo domingo de octubre, es la costumbre desde hace 52 a\u00f1os, ellos se multiplican d\u00eda a d\u00eda para dar luz de esperanza y que la fiesta no llegue a su fin.<\/p>\n<p>La maldad, no soporta tanta luz, nace un murmullo que va tomando fuerza, materializ\u00e1ndose, es una fuerza oscura que se atreve abrir las puertas y atravesarlas con furia, tratando de paralizar a los guardianes y dar fin a todo el jard\u00edn.<\/p>\n<p>Se libra una gran batalla, cuando todo parece perdido, una esperanza comienza a latir y con ella el coraje y la valent\u00eda, nada puede detenerlos, la magia los acompa\u00f1a, la oscuridad desaparece.<\/p>\n<p>Una retirada inevitable del mal, el triunfo es desbordante, un a\u00f1o m\u00e1s festejamos que la fiesta est\u00e1 a salvo. Fiesta Nacional de la Primavera, todos juntos, si se puede!!!\u00bb.<\/p>\n<p>&nbsp;<\/p>\n<p><span style=\"text-decoration: underline;\"><em><strong>MULTIMEDIA:<\/strong><\/em><\/span><\/p>\n<p>Fotos y Videos<\/p>\n<p>&nbsp;<\/p>\n<p>*Pr\u00f3ximamente actualizaremos esta p\u00e1gina&#8230;<\/p>\n<p>&nbsp;<\/p>\n<p style=\"text-align: center;\">\n<p>.<\/p>\n<p><span style=\"text-decoration: underline;\"><strong>FUENTES:<\/strong><\/span><\/p>\n<ul>\n<li>Comunicados Oficiales<\/li>\n<li>Agesor.com.uy<\/li>\n<\/ul>\n<p>.<\/p>\n","protected":false},"excerpt":{"rendered":"<p>Carroza N\u00ba 2 \u201cPORTAL M\u00c1GICO\u201d de los 1eros. unidos del Liceo 1 \u201cDr. Roberto Taruselli\u201d PREMIOS: 3er. Premio (con 608 puntos)\u00a0 Porcentaje de las ganancias establecidas. Pimpollos:\u00a0 Isabella Cima Charlo y Fiorella de Franco Long. &nbsp; PRINCESAS: Mariana Buz\u00fan Fabreau. Florencia Fern\u00e1ndez Risso. Camila Barufaldi Colazzo. Isabella Cima Charlo. Fiorella de Franco Long. PRESENTACI\u00d3N: \u00abEl [&hellip;]<\/p>\n","protected":false},"author":1,"featured_media":0,"parent":607,"menu_order":0,"comment_status":"open","ping_status":"open","template":"","meta":{"footnotes":""},"class_list":["post-617","page","type-page","status-publish","hentry"],"_links":{"self":[{"href":"https:\/\/fiestanacionaldelaprimavera.com\/index.php?rest_route=\/wp\/v2\/pages\/617","targetHints":{"allow":["GET"]}}],"collection":[{"href":"https:\/\/fiestanacionaldelaprimavera.com\/index.php?rest_route=\/wp\/v2\/pages"}],"about":[{"href":"https:\/\/fiestanacionaldelaprimavera.com\/index.php?rest_route=\/wp\/v2\/types\/page"}],"author":[{"embeddable":true,"href":"https:\/\/fiestanacionaldelaprimavera.com\/index.php?rest_route=\/wp\/v2\/users\/1"}],"replies":[{"embeddable":true,"href":"https:\/\/fiestanacionaldelaprimavera.com\/index.php?rest_route=%2Fwp%2Fv2%2Fcomments&post=617"}],"version-history":[{"count":0,"href":"https:\/\/fiestanacionaldelaprimavera.com\/index.php?rest_route=\/wp\/v2\/pages\/617\/revisions"}],"up":[{"embeddable":true,"href":"https:\/\/fiestanacionaldelaprimavera.com\/index.php?rest_route=\/wp\/v2\/pages\/607"}],"wp:attachment":[{"href":"https:\/\/fiestanacionaldelaprimavera.com\/index.php?rest_route=%2Fwp%2Fv2%2Fmedia&parent=617"}],"curies":[{"name":"wp","href":"https:\/\/api.w.org\/{rel}","templated":true}]}}