{"id":607,"date":"2012-10-18T21:23:38","date_gmt":"2012-10-18T21:23:38","guid":{"rendered":"http:\/\/www.fiestanacionaldelaprimavera.com\/?page_id=607"},"modified":"2012-10-18T21:23:38","modified_gmt":"2012-10-18T21:23:38","slug":"edicion-52-ano-2012","status":"publish","type":"page","link":"https:\/\/fiestanacionaldelaprimavera.com\/?page_id=607","title":{"rendered":"EDICI\u00d3N 52 &#8211; A\u00d1O 2012"},"content":{"rendered":"<p style=\"text-align: center;\"><span style=\"text-decoration: underline;\"><strong>Toda la Informaci\u00f3n sobre la Edici\u00f3n Nro. 52 del A\u00f1o 2012.<\/strong><\/span><\/p>\n<p>&nbsp;<\/p>\n<p><strong>AFICHE 52 Ed. (2012)<\/strong><\/p>\n<p><strong><a href=\"http:\/\/www.fiestanacionaldelaprimavera.com\/ediciones\/edicion-52-ano-2012\/afiche-52-ed\/\" target=\"_blank\">http:\/\/www.fiestanacionaldelaprimavera.com\/ediciones\/edicion-52-ano-2012\/afiche-52-ed\/<\/a><br \/>\n<\/strong><\/p>\n<p>&nbsp;<\/p>\n<p><strong>PROGRAMACI\u00d3N 52. Ed.<\/strong><\/p>\n<p><a href=\"http:\/\/www.fiestanacionaldelaprimavera.com\/ediciones\/edicion-52-ano-2012\/programacion-52ed\/\" target=\"_blank\">http:\/\/www.fiestanacionaldelaprimavera.com\/ediciones\/edicion-52-ano-2012\/programacion-52ed\/<\/a><\/p>\n<p>&nbsp;<\/p>\n<p><strong>ASPIRANTES 2012:<\/strong><\/p>\n<p><a href=\"http:\/\/www.fiestanacionaldelaprimavera.com\/ediciones\/edicion-52-ano-2012\/aspirantes-2012\/\" target=\"_blank\">http:\/\/www.fiestanacionaldelaprimavera.com\/ediciones\/edicion-52-ano-2012\/aspirantes-2012\/<\/a><\/p>\n<p>&nbsp;<\/p>\n<p><strong>DATOS INTERESANTES 52 Ed.<\/strong><\/p>\n<p><a href=\"http:\/\/www.fiestanacionaldelaprimavera.com\/ediciones\/edicion-52-ano-2012\/datos-interesantes-ed-52\/\" target=\"_blank\">http:\/\/www.fiestanacionaldelaprimavera.com\/ediciones\/edicion-52-ano-2012\/datos-interesantes-ed-52\/<\/a><\/p>\n<p>&nbsp;<\/p>\n<p><strong><span style=\"text-decoration: underline;\">CARROZAS:<\/span><\/strong><\/p>\n<p>1:<\/p>\n<p>&nbsp;<\/p>\n<p>&nbsp;<\/p>\n<p><strong><span style=\"text-decoration: underline;\">MULTIMEDIA:<\/span><\/strong><\/p>\n<p>Fotos y Videos Carro1<\/p>\n<p>&nbsp;<\/p>\n<p>&nbsp;<\/p>\n<p>&nbsp;<\/p>\n<p>&nbsp;<\/p>\n<p><span style=\"text-decoration: underline;\">NOTA EDITORIAL:<\/span><\/p>\n<p>Estamos en proceso de actualizaci\u00f3n.<\/p>\n<p>.<\/p>\n","protected":false},"excerpt":{"rendered":"<p>Toda la Informaci\u00f3n sobre la Edici\u00f3n Nro. 52 del A\u00f1o 2012. &nbsp; AFICHE 52 Ed. (2012) http:\/\/www.fiestanacionaldelaprimavera.com\/ediciones\/edicion-52-ano-2012\/afiche-52-ed\/ &nbsp; PROGRAMACI\u00d3N 52. Ed. http:\/\/www.fiestanacionaldelaprimavera.com\/ediciones\/edicion-52-ano-2012\/programacion-52ed\/ &nbsp; ASPIRANTES 2012: http:\/\/www.fiestanacionaldelaprimavera.com\/ediciones\/edicion-52-ano-2012\/aspirantes-2012\/ &nbsp; DATOS INTERESANTES 52 Ed. http:\/\/www.fiestanacionaldelaprimavera.com\/ediciones\/edicion-52-ano-2012\/datos-interesantes-ed-52\/ &nbsp; CARROZAS: 1: &nbsp; &nbsp; MULTIMEDIA: Fotos y Videos Carro1 &nbsp; &nbsp; &nbsp; &nbsp; NOTA EDITORIAL: Estamos en proceso de actualizaci\u00f3n. .<\/p>\n","protected":false},"author":1,"featured_media":0,"parent":422,"menu_order":0,"comment_status":"open","ping_status":"open","template":"","meta":{"footnotes":""},"class_list":["post-607","page","type-page","status-publish","hentry"],"_links":{"self":[{"href":"https:\/\/fiestanacionaldelaprimavera.com\/index.php?rest_route=\/wp\/v2\/pages\/607","targetHints":{"allow":["GET"]}}],"collection":[{"href":"https:\/\/fiestanacionaldelaprimavera.com\/index.php?rest_route=\/wp\/v2\/pages"}],"about":[{"href":"https:\/\/fiestanacionaldelaprimavera.com\/index.php?rest_route=\/wp\/v2\/types\/page"}],"author":[{"embeddable":true,"href":"https:\/\/fiestanacionaldelaprimavera.com\/index.php?rest_route=\/wp\/v2\/users\/1"}],"replies":[{"embeddable":true,"href":"https:\/\/fiestanacionaldelaprimavera.com\/index.php?rest_route=%2Fwp%2Fv2%2Fcomments&post=607"}],"version-history":[{"count":0,"href":"https:\/\/fiestanacionaldelaprimavera.com\/index.php?rest_route=\/wp\/v2\/pages\/607\/revisions"}],"up":[{"embeddable":true,"href":"https:\/\/fiestanacionaldelaprimavera.com\/index.php?rest_route=\/wp\/v2\/pages\/422"}],"wp:attachment":[{"href":"https:\/\/fiestanacionaldelaprimavera.com\/index.php?rest_route=%2Fwp%2Fv2%2Fmedia&parent=607"}],"curies":[{"name":"wp","href":"https:\/\/api.w.org\/{rel}","templated":true}]}}