{"id":605,"date":"2012-10-18T21:16:23","date_gmt":"2012-10-18T21:16:23","guid":{"rendered":"http:\/\/www.fiestanacionaldelaprimavera.com\/?page_id=605"},"modified":"2012-10-18T21:16:23","modified_gmt":"2012-10-18T21:16:23","slug":"2012-carro-no-1-electroaquafest","status":"publish","type":"page","link":"https:\/\/fiestanacionaldelaprimavera.com\/?page_id=605","title":{"rendered":"Carro N\u00ba 1 \u201cElectroAquaFest\u201d"},"content":{"rendered":"<h2 style=\"text-align: center;\"><span style=\"text-decoration: underline;\"><strong>Carroza N\u00ba 1 \u201cElectroAquaFest\u201d de los 1eros. unidos y anexos del Liceo 2 \u201cJuan B Herrero\u201d <\/strong><\/span><\/h2>\n<p style=\"text-align: center;\"><a href=\"http:\/\/www.fiestanacionaldelaprimavera.com\/wp-content\/uploads\/2012\/10\/carroza-1-electroacuafest-agesor-www.fiestanacionaldelaprimavera.com_.jpeg\"><img loading=\"lazy\" decoding=\"async\" class=\"aligncenter  wp-image-729\" title=\"carroza-1-electroacuafest-agesor-www.fiestanacionaldelaprimavera.com\" src=\"http:\/\/www.fiestanacionaldelaprimavera.com\/wp-content\/uploads\/2012\/10\/carroza-1-electroacuafest-agesor-www.fiestanacionaldelaprimavera.com_.jpeg\" alt=\"\" width=\"550\" height=\"412\" \/><\/a><\/p>\n<p>&nbsp;<\/p>\n<p><span style=\"text-decoration: underline;\"><em><strong>PREMIOS:<\/strong> <\/em><\/span><\/p>\n<ul>\n<li><strong>6\u00ba Premio<\/strong> (<strong><em>con 546 puntos<\/em><\/strong> ) Porcentaje de las ganancias establecidas.<\/li>\n<\/ul>\n<p>&nbsp;<\/p>\n<p><em><span style=\"text-decoration: underline;\"><strong>PRINCESAS:<\/strong><\/span> <\/em><\/p>\n<ul>\n<li>Florencia Arias Reyes,<\/li>\n<li>Brisa Eugui Godoy,<\/li>\n<li>Sabrina Mendoza Berm\u00fadez,<\/li>\n<li>Karina Rodr\u00edguez Gonz\u00e1lez,<\/li>\n<li>Sof\u00eda Reyes Pulero<\/li>\n<\/ul>\n<p>&nbsp;<\/p>\n<p><em><strong><span style=\"text-decoration: underline;\">PRESENTACI\u00d3N:<\/span><\/strong><\/em><\/p>\n<p>\u00abLos Grupos Unidos del Liceo 2 \u00abJuan Bautista Herrero\u00bb queremos transmitir que la Fiesta de la Primavera es patrimonio de los dolore\u00f1os y que a pesar de las dificultades que cada a\u00f1o se presentan y que ponen en duda su celebraci\u00f3n, somos un pueblo unido, solidario y capaz de llevar adelante este gran desaf\u00edo que nos identifica y que por tantos a\u00f1os nos ha brindado orgullo, alegr\u00eda y diversi\u00f3n.<\/p>\n<p>Este a\u00f1o hemos encarado la Fiesta de la Primavera en un barco a punto de naufragar donde la fantas\u00eda de los tent\u00e1culos de un gran Pulpo DJ tiene la gran labor de rescatar el barco primaveral teniendo adem\u00e1s en sus extremidades la magia de dirigir una disco,la disco de la Electroaquafest y los chicos representando los habitantes del mar se divierten en una gran fiesta de la primavera imaginariamente bajo las profundidades del mar.<\/p>\n<p>Cuenta la historia que durante muchos, muchos a\u00f1os, el barco primaveral navegaba por los corazones de los dolore\u00f1os, pero lleg\u00f3 el a\u00f1o 2012 y las tormentas de estos tiempos lo pusieron en peligro y tendi\u00f3 a naufragar.<\/p>\n<p>Por eso, los grupos unidos del Liceo 2 \u00abJuan Bautista Herrero\u00bb piden ayuda al Gran DJ Pulpo para que esto no suceda y que con sus largos tent\u00e1culos rescate la embarcaci\u00f3n primaveral.<\/p>\n<p>En una gran complicidad y contagio de color y alegr\u00eda, se suman a esta gran haza\u00f1a todos los habitantes del profundo mar, convertidos los chicos en un sue\u00f1o de fantas\u00eda hecho realidad.<\/p>\n<p>En \u00e9l vemos a dos vigilantes caballitos de mar que hacen guardia en la entrada de la fiesta y junto a ellos, un pececillo est\u00e1 a cargo de la boleter\u00eda de la disco.<\/p>\n<p>Dos elegant\u00edsimos buzos alaban la belleza de las sirenas,los peces danzan entre la suavidad de las medusas, los pulpos, sirenas y tiburones se mueven entre las algas al comp\u00e1s de la m\u00fasica.<\/p>\n<p>Mientras que los pac\u00edficos cangrejos escoltan al pulpo mayor entre la multitud.<\/p>\n<p>Cinco bellas princesas, engalanan el atrio del mar y deleitan al DJ con su danza, mientras que dos pantarrayas asisten la consola de la Electroaquafest, donde la m\u00fasica tiene el gran poder de unir y dar alegr\u00eda al pueblo.<\/p>\n<p>Esta historia invita a los dolore\u00f1os a sumar sus brazos para que nuestra identidad primaveral no quede sepultada en lo m\u00e1s profundo y renazcan cada a\u00f1o las fuerzas y las alegr\u00eda para poder continuar transmitiendo sana diversi\u00f3n\u00bb.<\/p>\n<p>&nbsp;<\/p>\n<p><em><strong><span style=\"text-decoration: underline;\">MULTIMEDIA:<\/span><\/strong><\/em><\/p>\n<p>Estandarte:<\/p>\n<p>Coreograf\u00eda:<\/p>\n<p>Carroza:<\/p>\n<p>Fotos y Videos<\/p>\n<p>&nbsp;<\/p>\n<p>*Actualizaremos pronto la info que falta<\/p>\n<p>&nbsp;<\/p>\n<p>&nbsp;<\/p>\n<p>.<\/p>\n<p><strong><span style=\"text-decoration: underline;\">FUENTES:<\/span><\/strong><\/p>\n<ul>\n<li>Comunicados Oficiales<\/li>\n<li>Agesor.com.uy<\/li>\n<\/ul>\n","protected":false},"excerpt":{"rendered":"<p>Carroza N\u00ba 1 \u201cElectroAquaFest\u201d de los 1eros. unidos y anexos del Liceo 2 \u201cJuan B Herrero\u201d &nbsp; PREMIOS: 6\u00ba Premio (con 546 puntos ) Porcentaje de las ganancias establecidas. &nbsp; PRINCESAS: Florencia Arias Reyes, Brisa Eugui Godoy, Sabrina Mendoza Berm\u00fadez, Karina Rodr\u00edguez Gonz\u00e1lez, Sof\u00eda Reyes Pulero &nbsp; PRESENTACI\u00d3N: \u00abLos Grupos Unidos del Liceo 2 \u00abJuan [&hellip;]<\/p>\n","protected":false},"author":1,"featured_media":0,"parent":607,"menu_order":0,"comment_status":"open","ping_status":"closed","template":"","meta":{"footnotes":""},"class_list":["post-605","page","type-page","status-publish","hentry"],"_links":{"self":[{"href":"https:\/\/fiestanacionaldelaprimavera.com\/index.php?rest_route=\/wp\/v2\/pages\/605","targetHints":{"allow":["GET"]}}],"collection":[{"href":"https:\/\/fiestanacionaldelaprimavera.com\/index.php?rest_route=\/wp\/v2\/pages"}],"about":[{"href":"https:\/\/fiestanacionaldelaprimavera.com\/index.php?rest_route=\/wp\/v2\/types\/page"}],"author":[{"embeddable":true,"href":"https:\/\/fiestanacionaldelaprimavera.com\/index.php?rest_route=\/wp\/v2\/users\/1"}],"replies":[{"embeddable":true,"href":"https:\/\/fiestanacionaldelaprimavera.com\/index.php?rest_route=%2Fwp%2Fv2%2Fcomments&post=605"}],"version-history":[{"count":0,"href":"https:\/\/fiestanacionaldelaprimavera.com\/index.php?rest_route=\/wp\/v2\/pages\/605\/revisions"}],"up":[{"embeddable":true,"href":"https:\/\/fiestanacionaldelaprimavera.com\/index.php?rest_route=\/wp\/v2\/pages\/607"}],"wp:attachment":[{"href":"https:\/\/fiestanacionaldelaprimavera.com\/index.php?rest_route=%2Fwp%2Fv2%2Fmedia&parent=605"}],"curies":[{"name":"wp","href":"https:\/\/api.w.org\/{rel}","templated":true}]}}