{"id":47,"date":"2011-10-01T21:56:46","date_gmt":"2011-10-01T21:56:46","guid":{"rendered":"http:\/\/www.fiestanacionaldelaprimavera.com\/?page_id=47"},"modified":"2011-10-01T21:56:46","modified_gmt":"2011-10-01T21:56:46","slug":"historia","status":"publish","type":"page","link":"https:\/\/fiestanacionaldelaprimavera.com\/?page_id=47","title":{"rendered":"HISTORIA"},"content":{"rendered":"<p><strong>Vicente Vetervide<\/strong>, <em>profesor de Cosmograf\u00eda y Matem\u00e1ticas<\/em>, integrante de una extraordinaria generaci\u00f3n de visionarios que fundaron el <em>Liceo de Dolores<\/em>, invit\u00f3 y alent\u00f3 en <strong>1960<\/strong> a los estudiantes, a compartir un d\u00eda de confraternidad en la<em> Pen\u00ednsula Timoteo Ramosp\u00e9<\/em> para festejar la llegada de la primavera.<\/p>\n<p><strong><em>La idea era compartir un d\u00eda de picnic, elegir\u00edan adem\u00e1s una Reina y compartir\u00edan por la noche un gran baile.<\/em><\/strong><\/p>\n<p>Para alegrar el trayecto que va desde el Liceo hasta la Pen\u00ednsula, se har\u00eda una especie de desfile o caravana de carruajes tirados por caballos o veh\u00edculos adornados.<\/p>\n<p>Estas carrozas estar\u00edan adornadas con todo lo que encontraran a mano: palmeras, enredaderas, flores naturales, e instrumentos musicales para animar la caravana y el encuentro.<\/p>\n<p>Dem\u00e1s est\u00e1 decir que al alumnado le encant\u00f3 la idea, teniendo as\u00ed total adhesi\u00f3n.<\/p>\n<p>Pero sobre todo de un grupo de alumnos <em><strong>\u00abLos Estudiantes\u00bb<\/strong><\/em>, que animar\u00edan con m\u00fasica y canciones este evento (grupo que hasta el d\u00eda de hoy sigue haciendo presentaciones).<\/p>\n<p>Sin otro fin, nada m\u00e1s que la diversi\u00f3n sana y el compartir el picnic de la Pen\u00ednsula como evento central, comenz\u00f3 la historia de la que hoy es la Fiesta Nacional de la Primavera.<\/p>\n<p>&nbsp;<\/p>\n<p><strong><span style=\"text-decoration: underline;\">Vea m\u00e1s en:<\/span><\/strong><\/p>\n<p><em><strong><a href=\"http:\/\/www.fiestanacionaldelaprimavera.com\/historia\/decada-del-60\/\" target=\"_blank\">D\u00e9cada del &#8217;60!<\/a><\/strong><\/em><\/p>\n<p><strong><em><a href=\"http:\/\/www.fiestanacionaldelaprimavera.com\/historia\/decada-del-70\/\" target=\"_blank\">D\u00e9cada del &#8217;70!<\/a><\/em><\/strong><\/p>\n<p>D\u00e9cada del &#8217;80!<\/p>\n<p>D\u00e9cada del &#8217;90!<\/p>\n<p>A\u00f1o 2000, 40 Edici\u00f3n<\/p>\n<p>A\u00f1o 2001, 41 Edici\u00f3n<\/p>\n<p>A\u00f1o 2002, 42 Edici\u00f3n<\/p>\n<p>A\u00f1o 2003,\u00a0 43 Edici\u00f3n<\/p>\n<p>A\u00f1o 2004, 44 Edici\u00f3n<\/p>\n<p>A\u00f1o 2005, 45 Edici\u00f3n<\/p>\n<p>A\u00f1o 2006, 46 Edici\u00f3n<\/p>\n<p>A\u00f1o 2007, 47 Edici\u00f3n<\/p>\n<p>A\u00f1o 2008, 48 Edici\u00f3n<\/p>\n<p>A\u00f1o 2009, 49 Edici\u00f3n<\/p>\n<p>A\u00f1o 2010 &#8211; 50 Edici\u00f3n.<\/p>\n<p>&nbsp;<\/p>\n<p><span style=\"text-decoration: underline;\">FUENTE:<\/span><\/p>\n<p><a href=\"http:\/\/www.doloresnet.com\/Eventos\/Fiesta_Primavera\/Fiesta_Primavera.htm\" target=\"_blank\">http:\/\/www.doloresnet.com\/Eventos\/Fiesta_Primavera\/Fiesta_Primavera.htm<\/a><\/p>\n<p>&nbsp;<\/p>\n<p>.<\/p>\n","protected":false},"excerpt":{"rendered":"<p>Vicente Vetervide, profesor de Cosmograf\u00eda y Matem\u00e1ticas, integrante de una extraordinaria generaci\u00f3n de visionarios que fundaron el Liceo de Dolores, invit\u00f3 y alent\u00f3 en 1960 a los estudiantes, a compartir un d\u00eda de confraternidad en la Pen\u00ednsula Timoteo Ramosp\u00e9 para festejar la llegada de la primavera. La idea era compartir un d\u00eda de picnic, elegir\u00edan [&hellip;]<\/p>\n","protected":false},"author":1,"featured_media":0,"parent":0,"menu_order":0,"comment_status":"open","ping_status":"open","template":"","meta":{"footnotes":""},"class_list":["post-47","page","type-page","status-publish","hentry"],"_links":{"self":[{"href":"https:\/\/fiestanacionaldelaprimavera.com\/index.php?rest_route=\/wp\/v2\/pages\/47","targetHints":{"allow":["GET"]}}],"collection":[{"href":"https:\/\/fiestanacionaldelaprimavera.com\/index.php?rest_route=\/wp\/v2\/pages"}],"about":[{"href":"https:\/\/fiestanacionaldelaprimavera.com\/index.php?rest_route=\/wp\/v2\/types\/page"}],"author":[{"embeddable":true,"href":"https:\/\/fiestanacionaldelaprimavera.com\/index.php?rest_route=\/wp\/v2\/users\/1"}],"replies":[{"embeddable":true,"href":"https:\/\/fiestanacionaldelaprimavera.com\/index.php?rest_route=%2Fwp%2Fv2%2Fcomments&post=47"}],"version-history":[{"count":0,"href":"https:\/\/fiestanacionaldelaprimavera.com\/index.php?rest_route=\/wp\/v2\/pages\/47\/revisions"}],"wp:attachment":[{"href":"https:\/\/fiestanacionaldelaprimavera.com\/index.php?rest_route=%2Fwp%2Fv2%2Fmedia&parent=47"}],"curies":[{"name":"wp","href":"https:\/\/api.w.org\/{rel}","templated":true}]}}