{"id":446,"date":"2012-10-13T02:05:34","date_gmt":"2012-10-13T02:05:34","guid":{"rendered":"http:\/\/www.fiestanacionaldelaprimavera.com\/?page_id=446"},"modified":"2012-10-13T02:05:34","modified_gmt":"2012-10-13T02:05:34","slug":"aspirantes-2012","status":"publish","type":"page","link":"https:\/\/fiestanacionaldelaprimavera.com\/?page_id=446","title":{"rendered":"Aspirantes 2012."},"content":{"rendered":"<h2 style=\"text-align: center;\"><span style=\"text-decoration: underline;\"><strong>Aspirantes a Princesas y Reina 2012.<\/strong><\/span><\/h2>\n<p><a href=\"http:\/\/www.fiestanacionaldelaprimavera.com\/wp-content\/uploads\/2012\/10\/aspirantes-a-princesas-y-reina-2012-www.fiestanacionaldelaprimavera.com_.jpg\"><img loading=\"lazy\" decoding=\"async\" class=\"aligncenter  wp-image-560\" title=\"aspirantes-a-princesas-y-reina-2012-www.fiestanacionaldelaprimavera.com\" src=\"http:\/\/www.fiestanacionaldelaprimavera.com\/wp-content\/uploads\/2012\/10\/aspirantes-a-princesas-y-reina-2012-www.fiestanacionaldelaprimavera.com_.jpg\" alt=\"\" width=\"550\" height=\"636\" \/><\/a><\/p>\n<p>&nbsp;<\/p>\n<p><strong>Princesas (1ero liceo 2)<\/strong><\/p>\n<ul>\n<li>Florencia Arias Reyes<\/li>\n<li>Brisa Eugui Godoy<\/li>\n<li>Sabrina Mendoza Berm\u00fadez<\/li>\n<li>Karina Rodr\u00edguez Gonz\u00e1lez.<\/li>\n<li>Sof\u00eda Reyes Pulero.<\/li>\n<\/ul>\n<p><strong>Princesas (1eros liceo 1)<\/strong><\/p>\n<ul>\n<li>Mariana Buz\u00fan Fabreau.<\/li>\n<li>Florencia Fern\u00e1ndez Risso.<\/li>\n<li>Camila Barufaldi Colazzo.<\/li>\n<li>Isabella Cima Charlo.<\/li>\n<li>Fiorella de Franco Long.<\/li>\n<\/ul>\n<p><strong>Princesas (2dos liceo 1):<\/strong><\/p>\n<ul>\n<li>Bel\u00e9n Guigou Bastos.<\/li>\n<li>Florencia G\u00e1speri Podest\u00e1<\/li>\n<\/ul>\n<p><strong>Princesas (3eros. Liceo 1):<\/strong><\/p>\n<ul>\n<li>Mora Cabrera Mansilla.<\/li>\n<li>Luc\u00eda Mansilla Ort\u00edz.<\/li>\n<\/ul>\n<p><strong>Princesas (4tos. liceo 1):<\/strong><\/p>\n<ul>\n<li>Giannina Vico Ben\u00edtez.<\/li>\n<li>Mar\u00eda Bel\u00e9n Escuder Pudiza.<\/li>\n<\/ul>\n<p><strong>Princesas (5tos. Liceo 1):<\/strong><\/p>\n<ul>\n<li>Yessica Rost\u00e1n Gor\u00f3<\/li>\n<li>Camila Nocetti Rost\u00e1n<\/li>\n<\/ul>\n<p><strong>Princesas (6tos, liceo 1):<\/strong><\/p>\n<ul>\n<li>Anah\u00ed Mastandrea Gonz\u00e1lez<\/li>\n<li>Margaret Lira Gonz\u00e1lez.<\/li>\n<\/ul>\n<p><a href=\"http:\/\/www.fiestanacionaldelaprimavera.com\/wp-content\/uploads\/2012\/10\/aspirantes-en-cena-fotofodika-www.fiestanacionaldelaprimavera.com_.jpg\"><img loading=\"lazy\" decoding=\"async\" class=\"aligncenter\" title=\"aspirantes-en-cena-fotofodika-www.fiestanacionaldelaprimavera.com\" src=\"http:\/\/www.fiestanacionaldelaprimavera.com\/wp-content\/uploads\/2012\/10\/aspirantes-en-cena-fotofodika-www.fiestanacionaldelaprimavera.com_-300x121.jpg\" alt=\"\" width=\"300\" height=\"121\" \/><\/a><\/p>\n<p>.<\/p>\n<p><strong><span style=\"text-decoration: underline;\">FUENTE:<\/span><\/strong><\/p>\n<p>La Foto pertenece a Foto Fodik <a href=\"http:\/\/www.facebook.com\/fodik.fotografiaindependiente\" target=\"_blank\">http:\/\/www.facebook.com\/fodik.fotografiaindependiente<\/a><\/p>\n","protected":false},"excerpt":{"rendered":"<p>Aspirantes a Princesas y Reina 2012. &nbsp; Princesas (1ero liceo 2) Florencia Arias Reyes Brisa Eugui Godoy Sabrina Mendoza Berm\u00fadez Karina Rodr\u00edguez Gonz\u00e1lez. Sof\u00eda Reyes Pulero. Princesas (1eros liceo 1) Mariana Buz\u00fan Fabreau. Florencia Fern\u00e1ndez Risso. Camila Barufaldi Colazzo. Isabella Cima Charlo. Fiorella de Franco Long. Princesas (2dos liceo 1): Bel\u00e9n Guigou Bastos. Florencia G\u00e1speri [&hellip;]<\/p>\n","protected":false},"author":1,"featured_media":0,"parent":607,"menu_order":0,"comment_status":"open","ping_status":"closed","template":"","meta":{"footnotes":""},"class_list":["post-446","page","type-page","status-publish","hentry"],"_links":{"self":[{"href":"https:\/\/fiestanacionaldelaprimavera.com\/index.php?rest_route=\/wp\/v2\/pages\/446","targetHints":{"allow":["GET"]}}],"collection":[{"href":"https:\/\/fiestanacionaldelaprimavera.com\/index.php?rest_route=\/wp\/v2\/pages"}],"about":[{"href":"https:\/\/fiestanacionaldelaprimavera.com\/index.php?rest_route=\/wp\/v2\/types\/page"}],"author":[{"embeddable":true,"href":"https:\/\/fiestanacionaldelaprimavera.com\/index.php?rest_route=\/wp\/v2\/users\/1"}],"replies":[{"embeddable":true,"href":"https:\/\/fiestanacionaldelaprimavera.com\/index.php?rest_route=%2Fwp%2Fv2%2Fcomments&post=446"}],"version-history":[{"count":0,"href":"https:\/\/fiestanacionaldelaprimavera.com\/index.php?rest_route=\/wp\/v2\/pages\/446\/revisions"}],"up":[{"embeddable":true,"href":"https:\/\/fiestanacionaldelaprimavera.com\/index.php?rest_route=\/wp\/v2\/pages\/607"}],"wp:attachment":[{"href":"https:\/\/fiestanacionaldelaprimavera.com\/index.php?rest_route=%2Fwp%2Fv2%2Fmedia&parent=446"}],"curies":[{"name":"wp","href":"https:\/\/api.w.org\/{rel}","templated":true}]}}