{"id":436,"date":"2012-10-07T21:35:40","date_gmt":"2012-10-07T21:35:40","guid":{"rendered":"http:\/\/www.fiestanacionaldelaprimavera.com\/?page_id=436"},"modified":"2012-10-07T21:35:40","modified_gmt":"2012-10-07T21:35:40","slug":"programacion-52ed","status":"publish","type":"page","link":"https:\/\/fiestanacionaldelaprimavera.com\/?page_id=436","title":{"rendered":"Programaci\u00f3n 52Ed."},"content":{"rendered":"<p><strong>En su 52a. edici\u00f3n, la ciudad de Dolores prepara una nueva Fiesta Nacional de la Primavera a desarrollarse durante el 13 y 14 de octubre con todo el ritmo y color que los estudiantes de la Capital del trigo le han aportado a este cl\u00e1sico acontecimiento de Soriano y de todo el Uruguay desde hace m\u00e1s de medio siglo.<\/strong><\/p>\n<p>&nbsp;<\/p>\n<p><strong>D\u00eda s\u00e1bado 13 de octubre:<\/strong><\/p>\n<p><strong>19.00 hrs.<\/strong>:<\/p>\n<ul>\n<li>Desfile de bandas marchantes del Departamento de Soriano y actuaciones en Plaza Constituci\u00f3n.<\/li>\n<\/ul>\n<p><strong>20.30.hrs<\/strong>.:<\/p>\n<ul>\n<li>Espect\u00e1culos musicales variados: Mago Mauricio \u2013 Conjunto tropical \u2013 Humoristas- 2dedos en V \u2013 Conjunto Tropical para cerrar.<\/li>\n<li>Gran iniciaci\u00f3n de la fiesta con Show de fuegos Artificiales.<\/li>\n<\/ul>\n<p>&nbsp;<\/p>\n<p><strong>D\u00eda domingo 14 de octubre:<\/strong><\/p>\n<p><strong>hora 10.00<\/strong>:<\/p>\n<ul>\n<li>Desfile pre-comercial de firmas auspiciantes<\/li>\n<li>Bandas Marchantes- Banda de la Fuerza A\u00e9rea.<\/li>\n<li>Carrozas aleg\u00f3ricas con sus coreograf\u00edas<\/li>\n<li>D\u00fao \u201cM y M\u201d ( Cabrera y Silva) para cerrar.<\/li>\n<\/ul>\n<p><strong>hora 14.00<\/strong>:<\/p>\n<ul>\n<li>Predio junto al Estadio Cerrado Municipal.<\/li>\n<li>Desfile de aspirantes a princesas, pimpollos y reina.<\/li>\n<li>Actuaci\u00f3n de \u201cLa Joya\u201d y \u201cLa Aut\u00e9ntika\u201d<\/li>\n<li>Elecci\u00f3n de la Reina de la Fiesta de la Primavera<\/li>\n<\/ul>\n<p><strong>hora 20.30:<\/strong><\/p>\n<ul>\n<li>Desfile pre comercial<\/li>\n<li>Conjuntos de samba<\/li>\n<li>Banda Juvenil de Mercedes<\/li>\n<li>Carrozas aleg\u00f3ricas iluminadas.<\/li>\n<\/ul>\n<p>Al finalizar el desfile hasta calle Agraciada, en escenario armado frente al Liceo Taruselli se proceder\u00e1 a la coronaci\u00f3n de la Reina y todo su s\u00e9quito y a pronunciar los fallos de jurados de carrozas, calles, vidrieras y balcones.<\/p>\n<p>.<\/p>\n<p><strong><span style=\"text-decoration: underline;\">FUENTE:<\/span><\/strong><\/p>\n<p>Comunicado y Afiche 52 Edici\u00f3n<\/p>\n<p><a href=\"http:\/\/www.facebook.com\/nicolas.rodriguez.35175633\" target=\"_blank\">FB de Nicol\u00e1s Rodr\u00edguez<\/a><\/p>\n<p>.<\/p>\n","protected":false},"excerpt":{"rendered":"<p>En su 52a. edici\u00f3n, la ciudad de Dolores prepara una nueva Fiesta Nacional de la Primavera a desarrollarse durante el 13 y 14 de octubre con todo el ritmo y color que los estudiantes de la Capital del trigo le han aportado a este cl\u00e1sico acontecimiento de Soriano y de todo el Uruguay desde hace [&hellip;]<\/p>\n","protected":false},"author":1,"featured_media":0,"parent":607,"menu_order":0,"comment_status":"open","ping_status":"closed","template":"","meta":{"footnotes":""},"class_list":["post-436","page","type-page","status-publish","hentry"],"_links":{"self":[{"href":"https:\/\/fiestanacionaldelaprimavera.com\/index.php?rest_route=\/wp\/v2\/pages\/436","targetHints":{"allow":["GET"]}}],"collection":[{"href":"https:\/\/fiestanacionaldelaprimavera.com\/index.php?rest_route=\/wp\/v2\/pages"}],"about":[{"href":"https:\/\/fiestanacionaldelaprimavera.com\/index.php?rest_route=\/wp\/v2\/types\/page"}],"author":[{"embeddable":true,"href":"https:\/\/fiestanacionaldelaprimavera.com\/index.php?rest_route=\/wp\/v2\/users\/1"}],"replies":[{"embeddable":true,"href":"https:\/\/fiestanacionaldelaprimavera.com\/index.php?rest_route=%2Fwp%2Fv2%2Fcomments&post=436"}],"version-history":[{"count":0,"href":"https:\/\/fiestanacionaldelaprimavera.com\/index.php?rest_route=\/wp\/v2\/pages\/436\/revisions"}],"up":[{"embeddable":true,"href":"https:\/\/fiestanacionaldelaprimavera.com\/index.php?rest_route=\/wp\/v2\/pages\/607"}],"wp:attachment":[{"href":"https:\/\/fiestanacionaldelaprimavera.com\/index.php?rest_route=%2Fwp%2Fv2%2Fmedia&parent=436"}],"curies":[{"name":"wp","href":"https:\/\/api.w.org\/{rel}","templated":true}]}}