{"id":425,"date":"2012-10-07T21:25:48","date_gmt":"2012-10-07T21:25:48","guid":{"rendered":"http:\/\/www.fiestanacionaldelaprimavera.com\/?page_id=425"},"modified":"2012-10-07T21:25:48","modified_gmt":"2012-10-07T21:25:48","slug":"datos-interesantes-ed-52","status":"publish","type":"page","link":"https:\/\/fiestanacionaldelaprimavera.com\/?page_id=425","title":{"rendered":"Datos Interesantes Ed. 52"},"content":{"rendered":"<h2 style=\"text-align: center;\"><strong>Recopilaci\u00f3n de Informaci\u00f3n de la Edici\u00f3n Nro. 52 de la Fiesta de la Primavera<\/strong><\/h2>\n<p>&nbsp;<\/p>\n<p><strong>CARROZAS ALEG\u00d3RICAS (6 o 7):<\/strong><\/p>\n<ul>\n<li>1eros. Unidos del Liceo N\u00b01<\/li>\n<li>2dos. Unidos del Liceo N\u00b01<\/li>\n<li>4tos. Unidos del Liceo N\u00b01<\/li>\n<li>5tos. Unidos del Liceo N\u00b01<\/li>\n<li>6tos. Unidos del Liceo N\u00b01<\/li>\n<li>&#8212;<\/li>\n<\/ul>\n<p>&nbsp;<\/p>\n<p><strong>ESPECT\u00c1CULOS:<\/strong><\/p>\n<ul>\n<li>La Joya (gracias a\u00a0 Ministerio de Educaci\u00f3n y Cultura)<\/li>\n<li>La Aut\u00e9ntika (gracias a\u00a0 Ministerio de Turismo)<\/li>\n<li>&#8211;<\/li>\n<\/ul>\n<p>&nbsp;<\/p>\n<p><strong>ESCENARIOS:<\/strong><\/p>\n<p>&#8211; Mayor, a la derecha del Estadio Cerrado: conjuntos musicales y los desfiles de aspirantes a pimpollo, princesas y reina.<\/p>\n<p>&#8211;<\/p>\n<p>&nbsp;<\/p>\n<p><strong>PREMIOS:<\/strong><\/p>\n<p>&#8211;<em> 1er. Premio: 2 <em>\u00f3mnibus a Aquaman\u00eda<\/em> por Empresa Kluver-Intertur<\/em><\/p>\n<p>&#8211;<\/p>\n<p>&nbsp;<\/p>\n<p><strong>LICITACIONES:<\/strong><\/p>\n<p>&#8211; Predio Ferial:\u00a0 al <em>Sr. Alberto Luzardo de Canelones ( $322.000.<\/em>)<\/p>\n<p>&#8211; Plazas de Comidas (Plaza Constituci\u00f3n, Feria y del predio del Estadio):<\/p>\n<p>&nbsp;<\/p>\n<p>.<\/p>\n","protected":false},"excerpt":{"rendered":"<p>Recopilaci\u00f3n de Informaci\u00f3n de la Edici\u00f3n Nro. 52 de la Fiesta de la Primavera &nbsp; CARROZAS ALEG\u00d3RICAS (6 o 7): 1eros. Unidos del Liceo N\u00b01 2dos. Unidos del Liceo N\u00b01 4tos. Unidos del Liceo N\u00b01 5tos. Unidos del Liceo N\u00b01 6tos. Unidos del Liceo N\u00b01 &#8212; &nbsp; ESPECT\u00c1CULOS: La Joya (gracias a\u00a0 Ministerio de Educaci\u00f3n [&hellip;]<\/p>\n","protected":false},"author":1,"featured_media":0,"parent":607,"menu_order":0,"comment_status":"open","ping_status":"closed","template":"","meta":{"footnotes":""},"class_list":["post-425","page","type-page","status-publish","hentry"],"_links":{"self":[{"href":"https:\/\/fiestanacionaldelaprimavera.com\/index.php?rest_route=\/wp\/v2\/pages\/425","targetHints":{"allow":["GET"]}}],"collection":[{"href":"https:\/\/fiestanacionaldelaprimavera.com\/index.php?rest_route=\/wp\/v2\/pages"}],"about":[{"href":"https:\/\/fiestanacionaldelaprimavera.com\/index.php?rest_route=\/wp\/v2\/types\/page"}],"author":[{"embeddable":true,"href":"https:\/\/fiestanacionaldelaprimavera.com\/index.php?rest_route=\/wp\/v2\/users\/1"}],"replies":[{"embeddable":true,"href":"https:\/\/fiestanacionaldelaprimavera.com\/index.php?rest_route=%2Fwp%2Fv2%2Fcomments&post=425"}],"version-history":[{"count":0,"href":"https:\/\/fiestanacionaldelaprimavera.com\/index.php?rest_route=\/wp\/v2\/pages\/425\/revisions"}],"up":[{"embeddable":true,"href":"https:\/\/fiestanacionaldelaprimavera.com\/index.php?rest_route=\/wp\/v2\/pages\/607"}],"wp:attachment":[{"href":"https:\/\/fiestanacionaldelaprimavera.com\/index.php?rest_route=%2Fwp%2Fv2%2Fmedia&parent=425"}],"curies":[{"name":"wp","href":"https:\/\/api.w.org\/{rel}","templated":true}]}}