{"id":422,"date":"2012-10-07T21:21:40","date_gmt":"2012-10-07T21:21:40","guid":{"rendered":"http:\/\/www.fiestanacionaldelaprimavera.com\/?page_id=422"},"modified":"2012-10-07T21:21:40","modified_gmt":"2012-10-07T21:21:40","slug":"ediciones","status":"publish","type":"page","link":"https:\/\/fiestanacionaldelaprimavera.com\/?page_id=422","title":{"rendered":"EDICIONES"},"content":{"rendered":"<h2 style=\"text-align: center;\">Informaci\u00f3n sobre las diferentes Ediciones de la Fiesta Nacional de la Primavera.<\/h2>\n<p>&nbsp;<\/p>\n<p><strong><span style=\"text-decoration: underline;\">EDICI\u00d3N 55 (2015)<\/span><\/strong><\/p>\n<ul>\n<li>Afiche 55 Ed.<\/li>\n<li>Programaci\u00f3n<\/li>\n<li>Informaci\u00f3n Interesante<\/li>\n<li>Fotos<\/li>\n<li>Videos<\/li>\n<\/ul>\n<p>&nbsp;<\/p>\n<p><strong><span style=\"text-decoration: underline;\">EDICI\u00d3N 54 (2014)<\/span><\/strong><\/p>\n<ul>\n<li>Afiche 54 Ed.<\/li>\n<li>Programaci\u00f3n<\/li>\n<li>Informaci\u00f3n Interesante<\/li>\n<li>Fotos<\/li>\n<li>Videos<\/li>\n<\/ul>\n<p>&nbsp;<\/p>\n<p><strong><span style=\"text-decoration: underline;\">EDICI\u00d3N 53 (2013)<\/span><\/strong><\/p>\n<ul>\n<li>Afiche 53 Ed.<\/li>\n<li>Programaci\u00f3n<\/li>\n<li>Informaci\u00f3n Interesante<\/li>\n<li>Fotos<\/li>\n<li>Videos<\/li>\n<\/ul>\n<p>.<\/p>\n<p><span style=\"text-decoration: underline;\"><strong>EDICI\u00d3N 52 (2012).<\/strong><\/span><\/p>\n<ul>\n<li><a href=\"http:\/\/www.fiestanacionaldelaprimavera.com\/afiche-52-ed\/\" target=\"_blank\">Afiche 52 Ed.<\/a><\/li>\n<li><a href=\"http:\/\/www.fiestanacionaldelaprimavera.com\/ediciones\/programacion-52ed\/\" target=\"_blank\">Programaci\u00f3n 52 Ed.<\/a><\/li>\n<li><a href=\"http:\/\/www.fiestanacionaldelaprimavera.com\/ediciones\/datos-interesantes-ed-52\/\" target=\"_blank\">Informaci\u00f3n Interesante<\/a><\/li>\n<li>Aspirantes a Princesas\u00a0 y\u00a0 Reina 2012<\/li>\n<li>Fotos<\/li>\n<li>Videos<\/li>\n<\/ul>\n<p>&nbsp;<\/p>\n<p><strong><span style=\"text-decoration: underline;\">EDICI\u00d3N 51 (2011)<\/span><\/strong><\/p>\n<ul>\n<li><a href=\"http:\/\/www.fiestanacionaldelaprimavera.com\/afiche-51-edicion\/\" target=\"_blank\">Afiche 51 Ed. <\/a><\/li>\n<li>Programaci\u00f3n<\/li>\n<li>Informaci\u00f3n Interesante<\/li>\n<li>Fotos<\/li>\n<li>Videos<\/li>\n<\/ul>\n<p>&nbsp;<\/p>\n<p><strong><span style=\"text-decoration: underline;\">EDICI\u00d3N 50 (2010)<\/span><\/strong><\/p>\n<ul>\n<li>Afiche 50 Ed.<\/li>\n<li>Programaci\u00f3n<\/li>\n<li>Informaci\u00f3n Interesante<\/li>\n<li>Fotos<\/li>\n<li>Videos<\/li>\n<\/ul>\n<p>&nbsp;<\/p>\n<p>&nbsp;<\/p>\n<p><span style=\"text-decoration: underline;\">NOTA EDITORIAL:<\/span><\/p>\n<ul>\n<li>Estamos recopilando y armando material\u00a0 constantemente pero lo vamos publicando a medida que disponemos de tiempo.<\/li>\n<\/ul>\n","protected":false},"excerpt":{"rendered":"<p>Informaci\u00f3n sobre las diferentes Ediciones de la Fiesta Nacional de la Primavera. &nbsp; EDICI\u00d3N 55 (2015) Afiche 55 Ed. Programaci\u00f3n Informaci\u00f3n Interesante Fotos Videos &nbsp; EDICI\u00d3N 54 (2014) Afiche 54 Ed. Programaci\u00f3n Informaci\u00f3n Interesante Fotos Videos &nbsp; EDICI\u00d3N 53 (2013) Afiche 53 Ed. Programaci\u00f3n Informaci\u00f3n Interesante Fotos Videos . EDICI\u00d3N 52 (2012). Afiche 52 Ed. [&hellip;]<\/p>\n","protected":false},"author":1,"featured_media":0,"parent":0,"menu_order":0,"comment_status":"open","ping_status":"open","template":"","meta":{"footnotes":""},"class_list":["post-422","page","type-page","status-publish","hentry"],"_links":{"self":[{"href":"https:\/\/fiestanacionaldelaprimavera.com\/index.php?rest_route=\/wp\/v2\/pages\/422","targetHints":{"allow":["GET"]}}],"collection":[{"href":"https:\/\/fiestanacionaldelaprimavera.com\/index.php?rest_route=\/wp\/v2\/pages"}],"about":[{"href":"https:\/\/fiestanacionaldelaprimavera.com\/index.php?rest_route=\/wp\/v2\/types\/page"}],"author":[{"embeddable":true,"href":"https:\/\/fiestanacionaldelaprimavera.com\/index.php?rest_route=\/wp\/v2\/users\/1"}],"replies":[{"embeddable":true,"href":"https:\/\/fiestanacionaldelaprimavera.com\/index.php?rest_route=%2Fwp%2Fv2%2Fcomments&post=422"}],"version-history":[{"count":0,"href":"https:\/\/fiestanacionaldelaprimavera.com\/index.php?rest_route=\/wp\/v2\/pages\/422\/revisions"}],"wp:attachment":[{"href":"https:\/\/fiestanacionaldelaprimavera.com\/index.php?rest_route=%2Fwp%2Fv2%2Fmedia&parent=422"}],"curies":[{"name":"wp","href":"https:\/\/api.w.org\/{rel}","templated":true}]}}