{"id":372,"date":"2012-09-17T23:09:04","date_gmt":"2012-09-17T23:09:04","guid":{"rendered":"http:\/\/www.fiestanacionaldelaprimavera.com\/?page_id=372"},"modified":"2012-09-17T23:09:04","modified_gmt":"2012-09-17T23:09:04","slug":"afiche-52-ed","status":"publish","type":"page","link":"https:\/\/fiestanacionaldelaprimavera.com\/?page_id=372","title":{"rendered":"Afiche 52 Ed."},"content":{"rendered":"<p style=\"text-align: center;\">Borrador del Afiche (todav\u00eda faltan algunos detalles por corregir)<\/p>\n<div id=\"attachment_374\" style=\"width: 510px\" class=\"wp-caption aligncenter\"><a href=\"http:\/\/www.fiestanacionaldelaprimavera.com\/wp-content\/uploads\/2012\/09\/afiche-borrador-52edicion-www.fiestanacionaldelaprimavera.com-2.jpg\"><img loading=\"lazy\" decoding=\"async\" aria-describedby=\"caption-attachment-374\" class=\" wp-image-374\" title=\"afiche-borrador-52edicion\" src=\"http:\/\/www.fiestanacionaldelaprimavera.com\/wp-content\/uploads\/2012\/09\/afiche-borrador-52edicion-www.fiestanacionaldelaprimavera.com-2.jpg\" alt=\"\" width=\"500\" height=\"751\" \/><\/a><p id=\"caption-attachment-374\" class=\"wp-caption-text\">Afiche Borrador &#8211; 52 Edici\u00f3n &#8211; fiestanacionaldelaprimavera.com\/<\/p><\/div>\n<p>.<\/p>\n<p><span style=\"text-decoration: underline;\">FUENTE:<\/span><\/p>\n<p>http:\/\/www.facebook.com\/fiestero.primaveral.<\/p>\n<p>&nbsp;<\/p>\n<p>&nbsp;<\/p>\n<p><span style=\"text-decoration: underline;\">NOTA EDITORIAL:<\/span><\/p>\n<ul>\n<li>Pr\u00f3ximamente incluir\u00e9 el que se realiz\u00f3 de forma definitiva.<\/li>\n<\/ul>\n","protected":false},"excerpt":{"rendered":"<p>Borrador del Afiche (todav\u00eda faltan algunos detalles por corregir) . FUENTE: http:\/\/www.facebook.com\/fiestero.primaveral. &nbsp; &nbsp; NOTA EDITORIAL: Pr\u00f3ximamente incluir\u00e9 el que se realiz\u00f3 de forma definitiva.<\/p>\n","protected":false},"author":1,"featured_media":0,"parent":607,"menu_order":0,"comment_status":"open","ping_status":"closed","template":"","meta":{"footnotes":""},"class_list":["post-372","page","type-page","status-publish","hentry"],"_links":{"self":[{"href":"https:\/\/fiestanacionaldelaprimavera.com\/index.php?rest_route=\/wp\/v2\/pages\/372","targetHints":{"allow":["GET"]}}],"collection":[{"href":"https:\/\/fiestanacionaldelaprimavera.com\/index.php?rest_route=\/wp\/v2\/pages"}],"about":[{"href":"https:\/\/fiestanacionaldelaprimavera.com\/index.php?rest_route=\/wp\/v2\/types\/page"}],"author":[{"embeddable":true,"href":"https:\/\/fiestanacionaldelaprimavera.com\/index.php?rest_route=\/wp\/v2\/users\/1"}],"replies":[{"embeddable":true,"href":"https:\/\/fiestanacionaldelaprimavera.com\/index.php?rest_route=%2Fwp%2Fv2%2Fcomments&post=372"}],"version-history":[{"count":0,"href":"https:\/\/fiestanacionaldelaprimavera.com\/index.php?rest_route=\/wp\/v2\/pages\/372\/revisions"}],"up":[{"embeddable":true,"href":"https:\/\/fiestanacionaldelaprimavera.com\/index.php?rest_route=\/wp\/v2\/pages\/607"}],"wp:attachment":[{"href":"https:\/\/fiestanacionaldelaprimavera.com\/index.php?rest_route=%2Fwp%2Fv2%2Fmedia&parent=372"}],"curies":[{"name":"wp","href":"https:\/\/api.w.org\/{rel}","templated":true}]}}