{"id":2323,"date":"2024-10-10T03:20:09","date_gmt":"2024-10-10T03:20:09","guid":{"rendered":"https:\/\/www.fiestanacionaldelaprimavera.com\/?page_id=2323"},"modified":"2024-10-10T03:20:09","modified_gmt":"2024-10-10T03:20:09","slug":"como-me-ubico-mapa","status":"publish","type":"page","link":"https:\/\/fiestanacionaldelaprimavera.com\/?page_id=2323","title":{"rendered":"\u00bfC\u00f3mo me ubico? Mapa"},"content":{"rendered":"\n<p>Aqu\u00ed disponemos de informaci\u00f3n para poder llegar y ubicarse en la ciudad de Dolores, Soriano (Uruguay)<\/p>\n\n\n\n<h2 class=\"wp-block-heading\">Dolores (Soriano) en Google Maps<\/h2>\n\n\n\n<figure class=\"wp-block-image size-large\"><img decoding=\"async\" src=\"https:\/\/fiestanacionaldelaprimavera.com\/wp-content\/uploads\/2024\/10\/UbicacionDoloresEnGoogleMaps-1024x639.jpg\" alt=\"\" class=\"wp-image-2525\"\/><\/figure>\n\n\n\n<p><a href=\"https:\/\/www.google.com\/maps\/place\/75100+Dolores,+Departamento+de+Soriano\/@-33.5320384,-58.2328089,13.33z\/data=!4m6!3m5!1s0x95a5281a88e03ff1:0x495b77d6ea8cc577!8m2!3d-33.5331503!4d-58.2156029!16s%2Fm%2F0gvsfkr?entry=ttu&amp;g_ep=EgoyMDI0MTAwNy4xIKXMDSoASAFQAw%3D%3D\" target=\"_blank\" rel=\"noreferrer noopener nofollow\">https:\/\/www.google.com\/maps\/place\/75100+Dolores,+Departamento+de+Soriano\/@-33.5320384,-58.2328089,13.33z\/data=!4m6!3m5!1s0x95a5281a88e03ff1:0x495b77d6ea8cc577!8m2!3d-33.5331503!4d-58.2156029!16s%2Fm%2F0gvsfkr?entry=ttu&amp;g_ep=EgoyMDI0MTAwNy4xIKXMDSoASAFQAw%3D%3D<\/a><\/p>\n\n\n\n<p><\/p>\n\n\n\n<h2 class=\"wp-block-heading\">LICEO 1 DOLORES:<\/h2>\n\n\n\n<figure class=\"wp-block-image size-large\"><img decoding=\"async\" src=\"https:\/\/fiestanacionaldelaprimavera.com\/wp-content\/uploads\/2024\/10\/Liceo1Dolores-Ubicacion-GoogleSreetView-1024x507.jpg\" alt=\"\" class=\"wp-image-2532\"\/><\/figure>\n\n\n\n<p><a href=\"https:\/\/www.google.com\/maps\/@-33.5305826,-58.2168619,3a,90y,104.35h,95.19t\/data=!3m7!1e1!3m5!1svUs2Dpa5Sh2BKIPUZ1X1Iw!2e0!6shttps:%2F%2Fstreetviewpixels-pa.googleapis.com%2Fv1%2Fthumbnail%3Fcb_client%3Dmaps_sv.tactile%26w%3D900%26h%3D600%26pitch%3D-5.194491194540703%26panoid%3DvUs2Dpa5Sh2BKIPUZ1X1Iw%26yaw%3D104.35363564669291!7i13312!8i6656?coh=205410&amp;entry=ttu&amp;g_ep=EgoyMDI0MTAwNy4xIKXMDSoASAFQAw%3D%3D\" target=\"_blank\" rel=\"noreferrer noopener nofollow\">https:\/\/www.google.com\/maps\/@-33.5305826,-58.2168619,3a,90y,104.35h,95.19t\/data=!3m7!1e1!3m5!1svUs2Dpa5Sh2BKIPUZ1X1Iw!2e0!6shttps:%2F%2Fstreetviewpixels-pa.googleapis.com%2Fv1%2Fthumbnail%3Fcb_client%3Dmaps_sv.tactile%26w%3D900%26h%3D600%26pitch%3D-5.194491194540703%26panoid%3DvUs2Dpa5Sh2BKIPUZ1X1Iw%26yaw%3D104.35363564669291!7i13312!8i6656?coh=205410&amp;entry=ttu&amp;g_ep=EgoyMDI0MTAwNy4xIKXMDSoASAFQAw%3D%3D<\/a><\/p>\n\n\n\n<h2 class=\"wp-block-heading\">RECORRIDO del DESFILE:<\/h2>\n\n\n\n<figure class=\"wp-block-image size-full\"><img decoding=\"async\" src=\"https:\/\/fiestanacionaldelaprimavera.com\/wp-content\/uploads\/2024\/10\/imagen-1.jpg\" alt=\"\" class=\"wp-image-2523\"\/><\/figure>\n\n\n\n<p><\/p>\n\n\n\n<p><\/p>\n\n\n\n<p><\/p>\n\n\n\n<p><\/p>\n\n\n\n<p><\/p>\n\n\n\n<h2 class=\"wp-block-heading\">RECOMENDACI\u00d3N:<\/h2>\n\n\n\n<p>Te recomendamos buscar en tu celular aplicaciones que te permitan obtener informaci\u00f3n sobre la ubicaci\u00f3n de diferentes puntos como Google Maps<\/p>\n\n\n\n<p>&#8211;<\/p>\n","protected":false},"excerpt":{"rendered":"<p>Aqu\u00ed disponemos de informaci\u00f3n para poder llegar y ubicarse en la ciudad de Dolores, Soriano (Uruguay) Dolores (Soriano) en Google Maps https:\/\/www.google.com\/maps\/place\/75100+Dolores,+Departamento+de+Soriano\/@-33.5320384,-58.2328089,13.33z\/data=!4m6!3m5!1s0x95a5281a88e03ff1:0x495b77d6ea8cc577!8m2!3d-33.5331503!4d-58.2156029!16s%2Fm%2F0gvsfkr?entry=ttu&amp;g_ep=EgoyMDI0MTAwNy4xIKXMDSoASAFQAw%3D%3D LICEO 1 DOLORES: https:\/\/www.google.com\/maps\/@-33.5305826,-58.2168619,3a,90y,104.35h,95.19t\/data=!3m7!1e1!3m5!1svUs2Dpa5Sh2BKIPUZ1X1Iw!2e0!6shttps:%2F%2Fstreetviewpixels-pa.googleapis.com%2Fv1%2Fthumbnail%3Fcb_client%3Dmaps_sv.tactile%26w%3D900%26h%3D600%26pitch%3D-5.194491194540703%26panoid%3DvUs2Dpa5Sh2BKIPUZ1X1Iw%26yaw%3D104.35363564669291!7i13312!8i6656?coh=205410&amp;entry=ttu&amp;g_ep=EgoyMDI0MTAwNy4xIKXMDSoASAFQAw%3D%3D RECORRIDO del DESFILE: RECOMENDACI\u00d3N: Te recomendamos buscar en tu celular aplicaciones que te permitan obtener informaci\u00f3n sobre la ubicaci\u00f3n de diferentes puntos como Google Maps &#8211;<\/p>\n","protected":false},"author":1,"featured_media":2525,"parent":851,"menu_order":0,"comment_status":"closed","ping_status":"closed","template":"","meta":{"footnotes":""},"class_list":["post-2323","page","type-page","status-publish","has-post-thumbnail","hentry"],"_links":{"self":[{"href":"https:\/\/fiestanacionaldelaprimavera.com\/index.php?rest_route=\/wp\/v2\/pages\/2323","targetHints":{"allow":["GET"]}}],"collection":[{"href":"https:\/\/fiestanacionaldelaprimavera.com\/index.php?rest_route=\/wp\/v2\/pages"}],"about":[{"href":"https:\/\/fiestanacionaldelaprimavera.com\/index.php?rest_route=\/wp\/v2\/types\/page"}],"author":[{"embeddable":true,"href":"https:\/\/fiestanacionaldelaprimavera.com\/index.php?rest_route=\/wp\/v2\/users\/1"}],"replies":[{"embeddable":true,"href":"https:\/\/fiestanacionaldelaprimavera.com\/index.php?rest_route=%2Fwp%2Fv2%2Fcomments&post=2323"}],"version-history":[{"count":0,"href":"https:\/\/fiestanacionaldelaprimavera.com\/index.php?rest_route=\/wp\/v2\/pages\/2323\/revisions"}],"up":[{"embeddable":true,"href":"https:\/\/fiestanacionaldelaprimavera.com\/index.php?rest_route=\/wp\/v2\/pages\/851"}],"wp:featuredmedia":[{"embeddable":true,"href":"https:\/\/fiestanacionaldelaprimavera.com\/index.php?rest_route=\/"}],"wp:attachment":[{"href":"https:\/\/fiestanacionaldelaprimavera.com\/index.php?rest_route=%2Fwp%2Fv2%2Fmedia&parent=2323"}],"curies":[{"name":"wp","href":"https:\/\/api.w.org\/{rel}","templated":true}]}}