{"id":2262,"date":"2023-10-08T02:35:22","date_gmt":"2023-10-08T02:35:22","guid":{"rendered":"https:\/\/www.fiestanacionaldelaprimavera.com\/?page_id=2262"},"modified":"2023-10-08T02:35:22","modified_gmt":"2023-10-08T02:35:22","slug":"61ed-fotos-aspirantes","status":"publish","type":"page","link":"https:\/\/fiestanacionaldelaprimavera.com\/?page_id=2262","title":{"rendered":"61ed &#8211; Fotos Aspirantes"},"content":{"rendered":"\n<p>Fotos de Aspirantes a Pimpollos y Reina<\/p>\n\n\n<div class=\"wp-block-image\">\n<figure class=\"aligncenter size-large\"><img decoding=\"async\" src=\"https:\/\/fiestanacionaldelaprimavera.com\/wp-content\/uploads\/2023\/10\/61ed-princesas-fiestanacionaldelapriamvera.com_-1024x906.jpg\" alt=\"\" class=\"wp-image-2365\"\/><\/figure>\n<\/div>\n\n\n<div class=\"wp-block-uagb-container uagb-block-483503c4 alignfull uagb-is-root-container\"><div class=\"uagb-container-inner-blocks-wrap\">\n<div class=\"wp-block-uagb-container uagb-block-98b57809\">\n<figure class=\"wp-block-image size-large\"><img decoding=\"async\" src=\"https:\/\/fiestanacionaldelaprimavera.com\/wp-content\/uploads\/2023\/09\/FB_IMG_1695305849885-811x1024.jpg\" alt=\"\" class=\"wp-image-2265\"\/><figcaption class=\"wp-element-caption\">Nombre: <\/figcaption><\/figure>\n<\/div>\n\n\n\n<div class=\"wp-block-uagb-container uagb-block-40631ff9\">\n<figure class=\"wp-block-image size-large\"><img decoding=\"async\" src=\"https:\/\/fiestanacionaldelaprimavera.com\/wp-content\/uploads\/2023\/09\/FB_IMG_1695305797996-811x1024.jpg\" alt=\"\" class=\"wp-image-2266\"\/><figcaption class=\"wp-element-caption\">Nombre: <\/figcaption><\/figure>\n<\/div>\n<\/div><\/div>\n\n\n\n<div class=\"wp-block-uagb-container uagb-block-c93669f5 alignfull uagb-is-root-container\"><div class=\"uagb-container-inner-blocks-wrap\">\n<div class=\"wp-block-uagb-container uagb-block-31e04bbc\">\n<figure class=\"wp-block-image size-large\"><img decoding=\"async\" src=\"https:\/\/fiestanacionaldelaprimavera.com\/wp-content\/uploads\/2023\/09\/FB_IMG_1695305888557-811x1024.jpg\" alt=\"\" class=\"wp-image-2267\"\/><figcaption class=\"wp-element-caption\">Nombre: <strong>Sof\u00eda Da Costa Isnardi<\/strong><\/figcaption><\/figure>\n<\/div>\n\n\n\n<div class=\"wp-block-uagb-container uagb-block-f61f5fd5\">\n<figure class=\"wp-block-image size-large\"><img decoding=\"async\" src=\"https:\/\/fiestanacionaldelaprimavera.com\/wp-content\/uploads\/2023\/09\/FB_IMG_1695305903814-811x1024.jpg\" alt=\"\" class=\"wp-image-2268\"\/><figcaption class=\"wp-element-caption\">Nombre: <\/figcaption><\/figure>\n<\/div>\n<\/div><\/div>\n\n\n\n<div class=\"wp-block-uagb-container uagb-block-fa60e2e3 alignfull uagb-is-root-container\"><div class=\"uagb-container-inner-blocks-wrap\">\n<div class=\"wp-block-uagb-container uagb-block-e026d1e4\">\n<figure class=\"wp-block-image size-large\"><img decoding=\"async\" src=\"https:\/\/fiestanacionaldelaprimavera.com\/wp-content\/uploads\/2023\/10\/FB_IMG_1695305779794-811x1024.jpg\" alt=\"\" class=\"wp-image-2341\"\/><figcaption class=\"wp-element-caption\">Nombre: <\/figcaption><\/figure>\n<\/div>\n\n\n\n<div class=\"wp-block-uagb-container uagb-block-469e6e66\">\n<figure class=\"wp-block-image size-large\"><img decoding=\"async\" src=\"https:\/\/fiestanacionaldelaprimavera.com\/wp-content\/uploads\/2023\/10\/FB_IMG_1695305861645-811x1024.jpg\" alt=\"\" class=\"wp-image-2342\"\/><figcaption class=\"wp-element-caption\">Nombre: <\/figcaption><\/figure>\n<\/div>\n<\/div><\/div>\n\n\n\n<div class=\"wp-block-uagb-container uagb-block-81e892c3 alignfull uagb-is-root-container\"><div class=\"uagb-container-inner-blocks-wrap\">\n<div class=\"wp-block-uagb-container uagb-block-269fd207\">\n<figure class=\"wp-block-image size-large\"><img decoding=\"async\" src=\"https:\/\/fiestanacionaldelaprimavera.com\/wp-content\/uploads\/2023\/10\/FB_IMG_1695305752688-811x1024.jpg\" alt=\"\" class=\"wp-image-2343\"\/><figcaption class=\"wp-element-caption\">Nombre: <\/figcaption><\/figure>\n<\/div>\n\n\n\n<div class=\"wp-block-uagb-container uagb-block-b8527c3f\">\n<figure class=\"wp-block-image size-large\"><img decoding=\"async\" src=\"https:\/\/fiestanacionaldelaprimavera.com\/wp-content\/uploads\/2023\/10\/FB_IMG_1695305837541-811x1024.jpg\" alt=\"\" class=\"wp-image-2344\"\/><figcaption class=\"wp-element-caption\">Nombre: <\/figcaption><\/figure>\n<\/div>\n<\/div><\/div>\n\n\n\n<div class=\"wp-block-uagb-container uagb-block-19d2f3cc alignfull uagb-is-root-container\"><div class=\"uagb-container-inner-blocks-wrap\">\n<div class=\"wp-block-uagb-container uagb-block-5fd0f3f0\">\n<figure class=\"wp-block-image size-large\"><img decoding=\"async\" src=\"https:\/\/fiestanacionaldelaprimavera.com\/wp-content\/uploads\/2023\/10\/FB_IMG_1695305745313-811x1024.jpg\" alt=\"\" class=\"wp-image-2345\"\/><figcaption class=\"wp-element-caption\">Nombre: <\/figcaption><\/figure>\n<\/div>\n\n\n\n<div class=\"wp-block-uagb-container uagb-block-de3c6628\">\n<figure class=\"wp-block-image size-large\"><img decoding=\"async\" src=\"https:\/\/fiestanacionaldelaprimavera.com\/wp-content\/uploads\/2023\/10\/FB_IMG_1695305895480-811x1024.jpg\" alt=\"\" class=\"wp-image-2346\"\/><figcaption class=\"wp-element-caption\">Victoria Stazione Ruffine &#8211; 6tos Unidos \u2013 Liceo Nro. 1<\/figcaption><\/figure>\n<\/div>\n<\/div><\/div>\n\n\n\n<div class=\"wp-block-uagb-container uagb-block-fe329fb0 alignfull uagb-is-root-container\"><div class=\"uagb-container-inner-blocks-wrap\">\n<div class=\"wp-block-uagb-container uagb-block-23e6b76b\">\n<figure class=\"wp-block-image size-large\"><img decoding=\"async\" src=\"https:\/\/fiestanacionaldelaprimavera.com\/wp-content\/uploads\/2023\/10\/FB_IMG_1695305908662-811x1024.jpg\" alt=\"\" class=\"wp-image-2347\"\/><figcaption class=\"wp-element-caption\">Nombre: <\/figcaption><\/figure>\n<\/div>\n\n\n\n<div class=\"wp-block-uagb-container uagb-block-7f663382\">\n<figure class=\"wp-block-image size-large\"><img decoding=\"async\" src=\"https:\/\/fiestanacionaldelaprimavera.com\/wp-content\/uploads\/2023\/10\/FB_IMG_1695305807643-811x1024.jpg\" alt=\"\" class=\"wp-image-2348\"\/><figcaption class=\"wp-element-caption\">Nombre: <\/figcaption><\/figure>\n<\/div>\n<\/div><\/div>\n\n\n\n<div class=\"wp-block-uagb-container uagb-block-2a2d4d41 alignfull uagb-is-root-container\"><div class=\"uagb-container-inner-blocks-wrap\">\n<div class=\"wp-block-uagb-container uagb-block-f67f70f5\">\n<figure class=\"wp-block-image size-large\"><img decoding=\"async\" src=\"https:\/\/fiestanacionaldelaprimavera.com\/wp-content\/uploads\/2023\/10\/FB_IMG_1695305759490-811x1024.jpg\" alt=\"\" class=\"wp-image-2349\"\/><figcaption class=\"wp-element-caption\">Nombre: <\/figcaption><\/figure>\n<\/div>\n\n\n\n<div class=\"wp-block-uagb-container uagb-block-bad79701\">\n<figure class=\"wp-block-image size-large\"><img decoding=\"async\" src=\"https:\/\/fiestanacionaldelaprimavera.com\/wp-content\/uploads\/2023\/10\/FB_IMG_1695305826072-811x1024.jpg\" alt=\"\" class=\"wp-image-2350\"\/><figcaption class=\"wp-element-caption\">Nombre: <\/figcaption><\/figure>\n<\/div>\n<\/div><\/div>\n\n\n\n<div class=\"wp-block-uagb-container uagb-block-0f1b1ece alignfull uagb-is-root-container\"><div class=\"uagb-container-inner-blocks-wrap\">\n<div class=\"wp-block-uagb-container uagb-block-fc04bc41\">\n<figure class=\"wp-block-image size-large\"><img decoding=\"async\" src=\"https:\/\/fiestanacionaldelaprimavera.com\/wp-content\/uploads\/2023\/10\/FB_IMG_1695305766008-811x1024.jpg\" alt=\"\" class=\"wp-image-2351\"\/><figcaption class=\"wp-element-caption\">Nombre: <\/figcaption><\/figure>\n<\/div>\n\n\n\n<div class=\"wp-block-uagb-container uagb-block-70fb3001\">\n<figure class=\"wp-block-image size-large\"><img decoding=\"async\" src=\"https:\/\/fiestanacionaldelaprimavera.com\/wp-content\/uploads\/2023\/10\/FB_IMG_1695305785634-811x1024.jpg\" alt=\"\" class=\"wp-image-2352\"\/><figcaption class=\"wp-element-caption\">Nombre: <\/figcaption><\/figure>\n<\/div>\n<\/div><\/div>\n\n\n\n<div class=\"wp-block-uagb-container uagb-block-d60668b9 alignfull uagb-is-root-container\"><div class=\"uagb-container-inner-blocks-wrap\">\n<div class=\"wp-block-uagb-container uagb-block-d9bac7d2\">\n<figure class=\"wp-block-image size-large\"><img decoding=\"async\" src=\"https:\/\/fiestanacionaldelaprimavera.com\/wp-content\/uploads\/2023\/10\/FB_IMG_1695305871668-811x1024.jpg\" alt=\"\" class=\"wp-image-2353\"\/><figcaption class=\"wp-element-caption\">Nombre: <\/figcaption><\/figure>\n<\/div>\n\n\n\n<div class=\"wp-block-uagb-container uagb-block-0b16b9b1\">\n<figure class=\"wp-block-image size-large\"><img decoding=\"async\" src=\"https:\/\/fiestanacionaldelaprimavera.com\/wp-content\/uploads\/2023\/10\/FB_IMG_1695305791541-811x1024.jpg\" alt=\"\" class=\"wp-image-2354\"\/><figcaption class=\"wp-element-caption\">Nombre: <\/figcaption><\/figure>\n<\/div>\n<\/div><\/div>\n\n\n\n<div class=\"wp-block-uagb-container uagb-block-908d3e78 alignfull uagb-is-root-container\"><div class=\"uagb-container-inner-blocks-wrap\">\n<div class=\"wp-block-uagb-container uagb-block-4fb0143b\">\n<figure class=\"wp-block-image size-large\"><img decoding=\"async\" src=\"https:\/\/fiestanacionaldelaprimavera.com\/wp-content\/uploads\/2023\/10\/FB_IMG_1695305883010-811x1024.jpg\" alt=\"\" class=\"wp-image-2356\"\/><figcaption class=\"wp-element-caption\">Camila Medina Banchero &#8211; 6tos Unidos \u2013 Liceo Nro. 1<\/figcaption><\/figure>\n<\/div>\n\n\n\n<div class=\"wp-block-uagb-container uagb-block-a587a021\">\n<figure class=\"wp-block-image size-large\"><img decoding=\"async\" src=\"https:\/\/fiestanacionaldelaprimavera.com\/wp-content\/uploads\/2023\/10\/FB_IMG_1695305831529-811x1024.jpg\" alt=\"\" class=\"wp-image-2357\"\/><figcaption class=\"wp-element-caption\">Nombre: <\/figcaption><\/figure>\n<\/div>\n<\/div><\/div>\n\n\n\n<div class=\"wp-block-uagb-container uagb-block-639fd3f5 alignfull uagb-is-root-container\"><div class=\"uagb-container-inner-blocks-wrap\">\n<div class=\"wp-block-uagb-container uagb-block-5b0ba916\">\n<figure class=\"wp-block-image size-large\"><img decoding=\"async\" src=\"https:\/\/fiestanacionaldelaprimavera.com\/wp-content\/uploads\/2023\/10\/FB_IMG_1695305820619-811x1024.jpg\" alt=\"\" class=\"wp-image-2358\"\/><figcaption class=\"wp-element-caption\">Nombre: <\/figcaption><\/figure>\n<\/div>\n\n\n\n<div class=\"wp-block-uagb-container uagb-block-405b53f7\">\n<figure class=\"wp-block-image size-large\"><img decoding=\"async\" src=\"https:\/\/fiestanacionaldelaprimavera.com\/wp-content\/uploads\/2023\/10\/FB_IMG_1695305814317-811x1024.jpg\" alt=\"\" class=\"wp-image-2359\"\/><figcaption class=\"wp-element-caption\">Nombre: <\/figcaption><\/figure>\n<\/div>\n<\/div><\/div>\n\n\n\n<div class=\"wp-block-uagb-container uagb-block-4de79621 alignfull uagb-is-root-container\"><div class=\"uagb-container-inner-blocks-wrap\">\n<div class=\"wp-block-uagb-container uagb-block-35ebc054\">\n<figure class=\"wp-block-image size-large\"><img decoding=\"async\" src=\"https:\/\/fiestanacionaldelaprimavera.com\/wp-content\/uploads\/2023\/10\/FB_IMG_1695305876902-811x1024.jpg\" alt=\"\" class=\"wp-image-2360\"\/><figcaption class=\"wp-element-caption\">Nombre: <\/figcaption><\/figure>\n<\/div>\n\n\n\n<div class=\"wp-block-uagb-container uagb-block-e94d4ccc\">\n<figure class=\"wp-block-image size-large\"><img decoding=\"async\" src=\"https:\/\/fiestanacionaldelaprimavera.com\/wp-content\/uploads\/2023\/10\/FB_IMG_1695305843172-811x1024.jpg\" alt=\"\" class=\"wp-image-2361\"\/><figcaption class=\"wp-element-caption\">P\u00eda Charbonnier &#8211; Carroza: 9nos Unidos Liceo 2<\/figcaption><\/figure>\n<\/div>\n<\/div><\/div>\n\n\n\n<div class=\"wp-block-uagb-container uagb-block-76edbec4 alignfull uagb-is-root-container\"><div class=\"uagb-container-inner-blocks-wrap\">\n<div class=\"wp-block-uagb-container uagb-block-e9ba8f9e\">\n<figure class=\"wp-block-image size-large\"><img decoding=\"async\" src=\"https:\/\/fiestanacionaldelaprimavera.com\/wp-content\/uploads\/2023\/10\/FB_IMG_1695305772807-811x1024.jpg\" alt=\"\" class=\"wp-image-2362\"\/><figcaption class=\"wp-element-caption\">Nombre: <\/figcaption><\/figure>\n<\/div>\n\n\n\n<div class=\"wp-block-uagb-container uagb-block-3c491ec9\"><\/div>\n<\/div><\/div>\n\n\n\n<p>Nota: en unos d\u00edas ir\u00e9 incluyendo el resto de la informaci\u00f3n<\/p>\n","protected":false},"excerpt":{"rendered":"<p>Fotos de Aspirantes a Pimpollos y Reina Nota: en unos d\u00edas ir\u00e9 incluyendo el resto de la informaci\u00f3n<\/p>\n","protected":false},"author":1,"featured_media":2365,"parent":2370,"menu_order":0,"comment_status":"closed","ping_status":"closed","template":"","meta":{"footnotes":""},"class_list":["post-2262","page","type-page","status-publish","has-post-thumbnail","hentry"],"_links":{"self":[{"href":"https:\/\/fiestanacionaldelaprimavera.com\/index.php?rest_route=\/wp\/v2\/pages\/2262","targetHints":{"allow":["GET"]}}],"collection":[{"href":"https:\/\/fiestanacionaldelaprimavera.com\/index.php?rest_route=\/wp\/v2\/pages"}],"about":[{"href":"https:\/\/fiestanacionaldelaprimavera.com\/index.php?rest_route=\/wp\/v2\/types\/page"}],"author":[{"embeddable":true,"href":"https:\/\/fiestanacionaldelaprimavera.com\/index.php?rest_route=\/wp\/v2\/users\/1"}],"replies":[{"embeddable":true,"href":"https:\/\/fiestanacionaldelaprimavera.com\/index.php?rest_route=%2Fwp%2Fv2%2Fcomments&post=2262"}],"version-history":[{"count":0,"href":"https:\/\/fiestanacionaldelaprimavera.com\/index.php?rest_route=\/wp\/v2\/pages\/2262\/revisions"}],"up":[{"embeddable":true,"href":"https:\/\/fiestanacionaldelaprimavera.com\/index.php?rest_route=\/wp\/v2\/pages\/2370"}],"wp:featuredmedia":[{"embeddable":true,"href":"https:\/\/fiestanacionaldelaprimavera.com\/index.php?rest_route=\/"}],"wp:attachment":[{"href":"https:\/\/fiestanacionaldelaprimavera.com\/index.php?rest_route=%2Fwp%2Fv2%2Fmedia&parent=2262"}],"curies":[{"name":"wp","href":"https:\/\/api.w.org\/{rel}","templated":true}]}}