{"id":135,"date":"2011-10-01T22:01:42","date_gmt":"2011-10-01T22:01:42","guid":{"rendered":"http:\/\/www.fiestanacionaldelaprimavera.com\/?page_id=135"},"modified":"2011-10-01T22:01:42","modified_gmt":"2011-10-01T22:01:42","slug":"decada-del-70","status":"publish","type":"page","link":"https:\/\/fiestanacionaldelaprimavera.com\/?page_id=135","title":{"rendered":"D\u00e9cada del &#8217;70."},"content":{"rendered":"<h2 style=\"text-align: center;\"><strong>En esta d\u00e9cada la evoluci\u00f3n de la Fiesta en cuanto a las caracter\u00edsticas de las carrozas: color, alegr\u00eda, movimientos y realizaci\u00f3n del desfile nocturno.<\/strong><\/h2>\n<p>&nbsp;<\/p>\n<p><span style=\"text-decoration: underline;\"><strong>A\u00f1o 1970<\/strong><\/span><\/p>\n<p>Este a\u00f1o el Comit\u00e9 Docente Estudiantil estructur\u00f3 la celebraci\u00f3n del 10\u00ba aniversario de la tradicional fiesta, un programa cuyos objetivos eran:<\/p>\n<p>a) Favorecer la relaci\u00f3n entre los familiares del alumnado y personal docente.<\/p>\n<p>b) Crear un ambiente y clima de comprensi\u00f3n entre todos los estudiantes liceales y de zonas vecinas.<\/p>\n<p>c) Arbitrar recursos e integrar un fondo que posibilitara el convenio con el Ministerio de Obras P\u00fablicas para la ampliaci\u00f3n del Liceo.<\/p>\n<p>En horas de la noche como ep\u00edlogo se llev\u00f3 a cabo el baile en el Estadio Cerrado Municipal con una afluencia tal que se pudo decir que \u201cel coloso de cemento se estremeci\u00f3 ante el fren\u00e9tico entusiasmo de la juventud\u201d.<\/p>\n<p>&nbsp;<\/p>\n<p><span style=\"text-decoration: underline;\"><strong>A\u00f1o 1975<\/strong><\/span><\/p>\n<p>Ese a\u00f1o Dolores vivi\u00f3 su 15\u00aa Fiesta. Este a\u00f1o destacamos la gran algarab\u00eda, el multicolor desfile que caus\u00f3 la admiraci\u00f3n de innumerables turistas.<\/p>\n<p>Fue elegida madrina de la fiesta la Sra. Carmen V\u00e9lez de Berreto, distinguida profesora que a\u00f1o tras a\u00f1o estuvo en la preparaci\u00f3n de esta magn\u00edfica fiesta al lado de Betervide, como alumna y luego de sus alumnos, como profesora.<\/p>\n<p>Para celebrar estos 15 a\u00f1os que constitu\u00edan una de las p\u00e1ginas mas hermosas en la historia de nuestra ciudad, se realiz\u00f3 la torta de 4 pisos y medidas destacadas. El piso mayor era exclusivamente para los estudiantes dolore\u00f1os.<\/p>\n<p>Es justo destacar la labor cumplida por el profesor Adalberto Frache en esta d\u00e9cada, ya sea por el aporte de ideas, la colaboraci\u00f3n y el compa\u00f1erismo.<\/p>\n<p>Comienza la entrega de premios a las Carrozas. Se forman los Jurados de Carrozas y el de Reinas.<\/p>\n<p>&nbsp;<\/p>\n<p><span style=\"text-decoration: underline;\"><strong>ELECCI\u00d3N DE REINAS POR A\u00d1O:<\/strong><\/span><\/p>\n<p><strong>1970<\/strong><\/p>\n<ul>\n<li>Reina Liceo Taruselli: <strong><em>Charito Nasta<\/em><\/strong><\/li>\n<li>\u00a0Reina Liceo Nocturno: <em><strong>Eva Navone<\/strong><\/em><\/li>\n<li>\u00a0Reina Liceo Piloto: <strong><em>Ana Ruiz<\/em><\/strong><\/li>\n<li>\u00a0Reina Escuela Industrial: <strong><em>Leticia Ot\u00e1rola<\/em><\/strong><\/li>\n<\/ul>\n<p><strong>\u00a01971<\/strong><\/p>\n<ul>\n<li>Primer Premio: <strong><em>\u00abEsto si es tradici\u00f3n: La Carabela\u00bb<\/em><\/strong><\/li>\n<li>Reina Liceo Taruselli: <strong><em>Mar\u00eda del Huerto Juri<\/em><\/strong><\/li>\n<li>Reina Liceo Nocturno: <strong><em>Noem\u00ed Bonti<\/em><\/strong><\/li>\n<li>Reina Liceo Piloto: <strong><em>Mabel Nasta<\/em><\/strong><\/li>\n<li>Reina Escuela Industrial: <strong><em>Luisa Cabrera<\/em><\/strong><\/li>\n<\/ul>\n<p>&nbsp;<\/p>\n<p><strong>\u00a01972<\/strong><\/p>\n<ul>\n<li>Primer Premio: <strong><em>\u00abGullivert en la ciudad de la Primavera\u00bb<\/em><\/strong><\/li>\n<li>Reina Liceo Taruselli: <strong><em>Mar\u00eda Elisa Bidegain<\/em><\/strong><\/li>\n<li>Reina Liceo Nocturno: <strong><em>Mar\u00eda Elena N\u00fa\u00f1ez<\/em><\/strong><\/li>\n<li>Reina Liceo Piloto: <strong><em>Hayd\u00e9e Bagnasco<\/em><\/strong><\/li>\n<li>Reina Escuela Industrial: <strong><em>Angelita Mayeiro<\/em><\/strong><\/li>\n<\/ul>\n<p><strong>1973<\/strong><\/p>\n<ul>\n<li>Primer Premio:<strong><em> \u00abPrimavera Polar\u00bb<\/em><\/strong><\/li>\n<li>Reina Liceo Taruselli: <strong><em>Susana Pessi Oliver<\/em><\/strong><\/li>\n<\/ul>\n<p><strong>1974<\/strong><\/p>\n<ul>\n<li>Primer Premio:<strong><em> \u00abReminiscencias de Oriente\u00bb<\/em><\/strong><\/li>\n<li>Reina Liceo Taruselli: <em><strong>Nelly Testagrossa<\/strong><\/em><\/li>\n<li>Reina Liceo Piloto: <strong><em>Mar\u00eda In\u00e9s Bueno<\/em><\/strong><\/li>\n<li>Reina Escuela Industrial: <strong><em>Norma Bonti<\/em><\/strong><\/li>\n<\/ul>\n<p><strong>1975<\/strong><\/p>\n<ul>\n<li>Primer Premio: <strong><em>\u00abCircus, los mentados sudamericanos, Su Majestad Imperial\u00bb<\/em><\/strong><\/li>\n<li>Reina: <strong><em>M\u00f3nica Bra\u00f1a Rost\u00e1n<\/em><\/strong><\/li>\n<\/ul>\n<p><strong>1976<\/strong><\/p>\n<ul>\n<li>\u00a0Aparece la primera Carroza con movimientos: Un tulip\u00e1n abr\u00eda y cerraba sus p\u00e9talos, realizado por el grupo 3\u00ba C que obtuvo el segundo premio.<\/li>\n<li>\u00a0Primer Premio: <em><strong>\u00abAl tic tac de la Primavera\u00bb<\/strong><\/em><\/li>\n<li>\u00a0Reina: <strong><em>Mar\u00eda Trinidad Boscacio<\/em><\/strong><\/li>\n<\/ul>\n<p><strong>1977<\/strong><\/p>\n<ul>\n<li>Primer Premio: <strong><em>\u00abEvocando una glorieta, un vals, un recuerdo&#8230;\u00bb<\/em><\/strong><\/li>\n<li>Reina: <strong><em>Gabriela Piazze Mary<\/em><\/strong><\/li>\n<li>Pimpollo: <strong><em>M\u00f3nica Bess\u00f3n Ferreira<\/em><\/strong><\/li>\n<\/ul>\n<p><strong>1978<\/strong><\/p>\n<ul>\n<li>Primer Premio:<strong><em> \u00abAerol\u00edneas Primaverales\u00bb<\/em><\/strong><\/li>\n<li>Reina: <strong><em>Graciela Filossi Moreira<\/em><\/strong><\/li>\n<li>Pimpollo: <strong><em>Ana Mar\u00eda Naviliat<\/em><\/strong><\/li>\n<\/ul>\n<p><strong>1979<\/strong><\/p>\n<ul>\n<li>Primer Premio: <strong><em>\u00abLa Primavera lleg\u00f3 al circo\u00bb<\/em><\/strong><\/li>\n<li>Reina: <strong><em>Mar\u00eda In\u00e9s Rodr\u00edguez D\u00edaz<\/em><\/strong><\/li>\n<li>Pimpollo: <strong><em>Rossana Gauthier<\/em><\/strong><\/li>\n<\/ul>\n<p>&nbsp;<\/p>\n<p><span style=\"text-decoration: underline;\"><strong>FUENTE:<\/strong><\/span><\/p>\n<p>http:\/\/www.doloresnet.com\/Eventos\/Fiesta_Primavera\/Decada70.htm<\/p>\n","protected":false},"excerpt":{"rendered":"<p>En esta d\u00e9cada la evoluci\u00f3n de la Fiesta en cuanto a las caracter\u00edsticas de las carrozas: color, alegr\u00eda, movimientos y realizaci\u00f3n del desfile nocturno. &nbsp; A\u00f1o 1970 Este a\u00f1o el Comit\u00e9 Docente Estudiantil estructur\u00f3 la celebraci\u00f3n del 10\u00ba aniversario de la tradicional fiesta, un programa cuyos objetivos eran: a) Favorecer la relaci\u00f3n entre los familiares [&hellip;]<\/p>\n","protected":false},"author":1,"featured_media":0,"parent":47,"menu_order":0,"comment_status":"open","ping_status":"open","template":"","meta":{"footnotes":""},"class_list":["post-135","page","type-page","status-publish","hentry"],"_links":{"self":[{"href":"https:\/\/fiestanacionaldelaprimavera.com\/index.php?rest_route=\/wp\/v2\/pages\/135","targetHints":{"allow":["GET"]}}],"collection":[{"href":"https:\/\/fiestanacionaldelaprimavera.com\/index.php?rest_route=\/wp\/v2\/pages"}],"about":[{"href":"https:\/\/fiestanacionaldelaprimavera.com\/index.php?rest_route=\/wp\/v2\/types\/page"}],"author":[{"embeddable":true,"href":"https:\/\/fiestanacionaldelaprimavera.com\/index.php?rest_route=\/wp\/v2\/users\/1"}],"replies":[{"embeddable":true,"href":"https:\/\/fiestanacionaldelaprimavera.com\/index.php?rest_route=%2Fwp%2Fv2%2Fcomments&post=135"}],"version-history":[{"count":0,"href":"https:\/\/fiestanacionaldelaprimavera.com\/index.php?rest_route=\/wp\/v2\/pages\/135\/revisions"}],"up":[{"embeddable":true,"href":"https:\/\/fiestanacionaldelaprimavera.com\/index.php?rest_route=\/wp\/v2\/pages\/47"}],"wp:attachment":[{"href":"https:\/\/fiestanacionaldelaprimavera.com\/index.php?rest_route=%2Fwp%2Fv2%2Fmedia&parent=135"}],"curies":[{"name":"wp","href":"https:\/\/api.w.org\/{rel}","templated":true}]}}