{"id":118,"date":"2011-10-01T13:53:00","date_gmt":"2011-10-01T13:53:00","guid":{"rendered":"http:\/\/www.fiestanacionaldelaprimavera.com\/?page_id=118"},"modified":"2011-10-01T13:53:00","modified_gmt":"2011-10-01T13:53:00","slug":"nosotros","status":"publish","type":"page","link":"https:\/\/fiestanacionaldelaprimavera.com\/?page_id=118","title":{"rendered":"Nosotros"},"content":{"rendered":"\n<h2 class=\"wp-block-heading\"><span style=\"text-decoration: underline;\"><strong>Acerca de Nosotros<\/strong><\/span><\/h2>\n\n\n\n<p>Antes que nada, debo recordarles que esta web es Independiente y no tiene ninguna relaci\u00f3n directa con la Organizaci\u00f3n de la Fiesta.<\/p>\n\n\n\n<div class=\"wp-block-image\"><figure class=\"aligncenter\"><a href=\"http:\/\/www.fiestanacionaldelaprimavera.com\/wp-content\/uploads\/2011\/10\/nevil-director-fiestanacionaldelaprimavera.com_.jpg\"><img decoding=\"async\" src=\"http:\/\/www.fiestanacionaldelaprimavera.com\/wp-content\/uploads\/2011\/10\/nevil-director-fiestanacionaldelaprimavera.com_.jpg\" alt=\"Nevile C. Charbonnier, Director FiestaNacionalDeLaPrimavera.com\" class=\"wp-image-122\" title=\"nevil-director-fiestanacionaldelaprimavera.com\"\/><\/a><\/figure><\/div>\n\n\n\n<p>Soy <strong><a href=\"http:\/\/www.nevillecharbonnier.com\/\" target=\"_blank\" rel=\"noreferrer noopener nofollow\">Neville C. Charbonnier<\/a><\/strong> (alias Nevil), propietario, director y editor de <strong><a href=\"http:\/\/www.fiestanacionaldelaprimavera.com\" target=\"_blank\" rel=\"noopener\">FiestaNacionalDeLaPrimavera.com<\/a><\/strong><\/p>\n\n\n\n<p>Ya hace unos a\u00f1os que vengo trabajando en proyectos relacionados con la creaci\u00f3n y administraci\u00f3n de sitios webs de diferentes tem\u00e1ticas; y adem\u00e1s he colaborado con antiguas webs relacionadas con la fiesta.<\/p>\n\n\n\n<p>Como tengo una web llamada <a href=\"http:\/\/www.sorianodigital.com\" target=\"_blank\" rel=\"noopener\">SorianoDigital.com<\/a>, que es un portal de noticias relacionadas con Soriano, Dolores y viendo que era mejor separar el contenido referente a nuestra fiesta, he creado esta nueva web exclusivamente para todo el material relacionado con la misma.<\/p>\n\n\n\n<h2 class=\"wp-block-heading\"><strong>De la Organizaci\u00f3n de la Fiesta:<\/strong><\/h2>\n\n\n\n<p>Aunque esta web no tiene ninguna relaci\u00f3n directa ni contratos con la Organizaci\u00f3n, <strong>SI colabora en la difusi\u00f3n de dicho evento<\/strong> por considerarse de vital importancia para la Actividad Social, Cultural, Tur\u00edstica y Econ\u00f3mica de nuestra ciudad; tanto en apoyo al colectivo estudiantil como a la sociedad toda.<\/p>\n\n\n\n<p>Adem\u00e1s, he creado una P\u00e1gina en Facebook sobre la fiesta, en la que se publican contenidos de forma oficial y la cual es mantenida por varios Administradores y Colaboradores.<\/p>\n\n\n\n<p><strong><span style=\"text-decoration: underline;\">EDITORIAL:<\/span><\/strong><\/p>\n\n\n\n<ul class=\"wp-block-list\"><li>Sr. Neville C. Charbonnier &#8211; Prof. Enc. Lab. Inform\u00e1tica &#8211; Liceo 1 Dolores<\/li><li>Colaboradores:\n<ul>\n<li>Enzo Vilegas<\/li>\n<\/ul>\n<\/li><\/ul>\n\n\n\n<p>0<\/p>\n","protected":false},"excerpt":{"rendered":"<p>Acerca de Nosotros Antes que nada, debo recordarles que esta web es Independiente y no tiene ninguna relaci\u00f3n directa con la Organizaci\u00f3n de la Fiesta. Soy Neville C. Charbonnier (alias Nevil), propietario, director y editor de FiestaNacionalDeLaPrimavera.com Ya hace unos a\u00f1os que vengo trabajando en proyectos relacionados con la creaci\u00f3n y administraci\u00f3n de sitios webs [&hellip;]<\/p>\n","protected":false},"author":1,"featured_media":0,"parent":0,"menu_order":0,"comment_status":"open","ping_status":"open","template":"","meta":{"footnotes":""},"class_list":["post-118","page","type-page","status-publish","hentry"],"_links":{"self":[{"href":"https:\/\/fiestanacionaldelaprimavera.com\/index.php?rest_route=\/wp\/v2\/pages\/118","targetHints":{"allow":["GET"]}}],"collection":[{"href":"https:\/\/fiestanacionaldelaprimavera.com\/index.php?rest_route=\/wp\/v2\/pages"}],"about":[{"href":"https:\/\/fiestanacionaldelaprimavera.com\/index.php?rest_route=\/wp\/v2\/types\/page"}],"author":[{"embeddable":true,"href":"https:\/\/fiestanacionaldelaprimavera.com\/index.php?rest_route=\/wp\/v2\/users\/1"}],"replies":[{"embeddable":true,"href":"https:\/\/fiestanacionaldelaprimavera.com\/index.php?rest_route=%2Fwp%2Fv2%2Fcomments&post=118"}],"version-history":[{"count":0,"href":"https:\/\/fiestanacionaldelaprimavera.com\/index.php?rest_route=\/wp\/v2\/pages\/118\/revisions"}],"wp:attachment":[{"href":"https:\/\/fiestanacionaldelaprimavera.com\/index.php?rest_route=%2Fwp%2Fv2%2Fmedia&parent=118"}],"curies":[{"name":"wp","href":"https:\/\/api.w.org\/{rel}","templated":true}]}}