{"id":1049,"date":"2013-10-20T21:48:49","date_gmt":"2013-10-20T21:48:49","guid":{"rendered":"http:\/\/www.fiestanacionaldelaprimavera.com\/?page_id=1049"},"modified":"2013-10-20T21:48:49","modified_gmt":"2013-10-20T21:48:49","slug":"53-ed-tarde-peninsula","status":"publish","type":"page","link":"https:\/\/fiestanacionaldelaprimavera.com\/?page_id=1049","title":{"rendered":"53 Ed. Tarde Pen\u00ednsula"},"content":{"rendered":"<h2 style=\"text-align: center;\"><strong>53 ed. Pen\u00ednsula: Elecci\u00f3n y Grupos Musicales.<\/strong><\/h2>\n<p>&nbsp;<\/p>\n<p><strong><span style=\"text-decoration: underline;\">ELECCI\u00d3N:<\/span><\/strong><\/p>\n<p><strong><span style=\"text-decoration: underline;\"> (Nro. Princesas)<\/span><\/strong><\/p>\n<p><img decoding=\"async\" class=\"ngg_displayed_gallery mceItem\" src=\"http:\/\/www.fiestanacionaldelaprimavera.com\/nextgen-attach_to_post\/preview\/id--1051\" alt=\"\" \/><\/p>\n<p>&nbsp;<\/p>\n<p><strong>(Elecci\u00f3n y M\u00e1s )<\/strong><\/p>\n<p><img decoding=\"async\" class=\"ngg_displayed_gallery mceItem\" src=\"http:\/\/www.fiestanacionaldelaprimavera.com\/nextgen-attach_to_post\/preview\/id--1054\" alt=\"\" \/><\/p>\n<p>&nbsp;<\/p>\n<p><strong><span style=\"text-decoration: underline;\">SONIDO PROFESIONAL<\/span><\/strong><\/p>\n<p><img decoding=\"async\" class=\"ngg_displayed_gallery mceItem\" src=\"http:\/\/www.fiestanacionaldelaprimavera.com\/nextgen-attach_to_post\/preview\/id--1053\" alt=\"\" \/><\/p>\n<p>&nbsp;<\/p>\n<p><strong><span style=\"text-decoration: underline;\">CUARTETO DE NOS<\/span><\/strong><\/p>\n<p><img decoding=\"async\" class=\"ngg_displayed_gallery mceItem\" src=\"http:\/\/www.fiestanacionaldelaprimavera.com\/nextgen-attach_to_post\/preview\/id--1052\" alt=\"\" \/><\/p>\n<p>&nbsp;<\/p>\n<p>.<\/p>\n","protected":false},"excerpt":{"rendered":"<p>53 ed. Pen\u00ednsula: Elecci\u00f3n y Grupos Musicales. &nbsp; ELECCI\u00d3N: (Nro. Princesas) &nbsp; (Elecci\u00f3n y M\u00e1s ) &nbsp; SONIDO PROFESIONAL &nbsp; CUARTETO DE NOS &nbsp; .<\/p>\n","protected":false},"author":1,"featured_media":0,"parent":491,"menu_order":0,"comment_status":"open","ping_status":"open","template":"","meta":{"footnotes":""},"class_list":["post-1049","page","type-page","status-publish","hentry"],"_links":{"self":[{"href":"https:\/\/fiestanacionaldelaprimavera.com\/index.php?rest_route=\/wp\/v2\/pages\/1049","targetHints":{"allow":["GET"]}}],"collection":[{"href":"https:\/\/fiestanacionaldelaprimavera.com\/index.php?rest_route=\/wp\/v2\/pages"}],"about":[{"href":"https:\/\/fiestanacionaldelaprimavera.com\/index.php?rest_route=\/wp\/v2\/types\/page"}],"author":[{"embeddable":true,"href":"https:\/\/fiestanacionaldelaprimavera.com\/index.php?rest_route=\/wp\/v2\/users\/1"}],"replies":[{"embeddable":true,"href":"https:\/\/fiestanacionaldelaprimavera.com\/index.php?rest_route=%2Fwp%2Fv2%2Fcomments&post=1049"}],"version-history":[{"count":0,"href":"https:\/\/fiestanacionaldelaprimavera.com\/index.php?rest_route=\/wp\/v2\/pages\/1049\/revisions"}],"up":[{"embeddable":true,"href":"https:\/\/fiestanacionaldelaprimavera.com\/index.php?rest_route=\/wp\/v2\/pages\/491"}],"wp:attachment":[{"href":"https:\/\/fiestanacionaldelaprimavera.com\/index.php?rest_route=%2Fwp%2Fv2%2Fmedia&parent=1049"}],"curies":[{"name":"wp","href":"https:\/\/api.w.org\/{rel}","templated":true}]}}